{"id":2912,"date":"2024-09-08T13:15:20","date_gmt":"2024-09-08T11:15:20","guid":{"rendered":"https:\/\/solawi-mh.de\/?page_id=2912"},"modified":"2025-11-19T13:31:11","modified_gmt":"2025-11-19T12:31:11","slug":"willensbekundung-ernteanteil-2026","status":"publish","type":"page","link":"http:\/\/solawi-mh.de\/en\/willensbekundung-ernteanteil-2026\/","title":{"rendered":"Willensbekundung Ernteanteil 2026_Link Interessierte"},"content":{"rendered":"<div data-elementor-type=\"wp-page\" data-elementor-id=\"2912\" class=\"elementor elementor-2912\" data-elementor-post-type=\"page\">\n\t\t\t\t\t\t<section class=\"elementor-section elementor-top-section elementor-element elementor-element-5397d201 elementor-section-full_width elementor-section-height-min-height elementor-section-stretched elementor-section-content-top elementor-section-height-default elementor-section-items-middle\" data-id=\"5397d201\" data-element_type=\"section\" data-e-type=\"section\" data-settings=\"{&quot;stretch_section&quot;:&quot;section-stretched&quot;,&quot;background_background&quot;:&quot;classic&quot;,&quot;background_motion_fx_motion_fx_scrolling&quot;:&quot;yes&quot;,&quot;background_motion_fx_opacity_effect&quot;:&quot;yes&quot;,&quot;background_motion_fx_opacity_level&quot;:{&quot;unit&quot;:&quot;px&quot;,&quot;size&quot;:8.4000000000000004,&quot;sizes&quot;:[]},&quot;background_motion_fx_opacity_direction&quot;:&quot;out-in&quot;,&quot;background_motion_fx_opacity_range&quot;:{&quot;unit&quot;:&quot;%&quot;,&quot;size&quot;:&quot;&quot;,&quot;sizes&quot;:{&quot;start&quot;:20,&quot;end&quot;:80}},&quot;background_motion_fx_devices&quot;:[&quot;desktop&quot;,&quot;tablet&quot;,&quot;mobile&quot;]}\">\n\t\t\t\t\t\t<div class=\"elementor-container elementor-column-gap-no\">\n\t\t\t\t\t<div class=\"elementor-column elementor-col-100 elementor-top-column elementor-element elementor-element-46687c20\" data-id=\"46687c20\" data-element_type=\"column\" data-e-type=\"column\">\n\t\t\t<div class=\"elementor-widget-wrap elementor-element-populated\">\n\t\t\t\t\t\t<div class=\"elementor-element elementor-element-551a814b elementor-invisible elementor-widget elementor-widget-heading\" data-id=\"551a814b\" data-element_type=\"widget\" data-e-type=\"widget\" data-settings=\"{&quot;_animation&quot;:&quot;slideInLeft&quot;}\" data-widget_type=\"heading.default\">\n\t\t\t\t<div class=\"elementor-widget-container\">\n\t\t\t\t\t<h2 class=\"elementor-heading-title elementor-size-default\">Anmeldung zur Beitragsrunde f\u00fcr die Saison 2026<\/h2>\t\t\t\t<\/div>\n\t\t\t\t<\/div>\n\t\t\t\t<div class=\"elementor-element elementor-element-20977e0f elementor-invisible elementor-widget elementor-widget-text-editor\" data-id=\"20977e0f\" data-element_type=\"widget\" data-e-type=\"widget\" data-settings=\"{&quot;_animation&quot;:&quot;slideInRight&quot;}\" data-widget_type=\"text-editor.default\">\n\t\t\t\t<div class=\"elementor-widget-container\">\n\t\t\t\t\t\t\t\t\t<p>Unsere gemeinsame Entscheidung f\u00fcr die n\u00e4chste Erntesaison.<\/p>\t\t\t\t\t\t\t\t<\/div>\n\t\t\t\t<\/div>\n\t\t\t\t\t<\/div>\n\t\t<\/div>\n\t\t\t\t\t<\/div>\n\t\t<\/section>\n\t\t\t\t<section class=\"elementor-section elementor-top-section elementor-element elementor-element-4b56251 elementor-section-boxed elementor-section-height-default elementor-section-height-default\" data-id=\"4b56251\" data-element_type=\"section\" data-e-type=\"section\">\n\t\t\t\t\t\t<div class=\"elementor-container elementor-column-gap-default\">\n\t\t\t\t\t<div class=\"elementor-column elementor-col-100 elementor-top-column elementor-element elementor-element-7fbbcbb\" data-id=\"7fbbcbb\" data-element_type=\"column\" data-e-type=\"column\">\n\t\t\t<div class=\"elementor-widget-wrap elementor-element-populated\">\n\t\t\t\t\t\t<div class=\"elementor-element elementor-element-8e783ea elementor-widget elementor-widget-text-editor\" data-id=\"8e783ea\" data-element_type=\"widget\" data-e-type=\"widget\" data-widget_type=\"text-editor.default\">\n\t\t\t\t<div class=\"elementor-widget-container\">\n\t\t\t\t\t\t\t\t\t<p>Der Solidarische Landwirtschaft M\u00fclheim e.V. (Solawi) plant, im Erntejahr 2026 220 Ernteanteile zu vergeben.<\/p><p>Wir laden dich herzlich ein, an der Solawi teilzunehmen und sie mitzugestalten. Mit der Absendung dieses Formulars meldest du dich verbindlich f\u00fcr die Beitragsrunde am 06. Dezember 2025 im Ringlokschuppen M\u00fclheim an, bei der die Beitr\u00e4ge festgelegt und die Vertr\u00e4ge f\u00fcr das Erntejahr geschlossen werden.<\/p><p>Wichtig: Die Beitragsrunde ist keine Infoveranstaltung. Falls du noch Infos zu unserer Solawi brauchst oder dir nicht sicher bist, ob du 2026 teilnehmen m\u00f6chtest, dann komm gerne vor deiner Anmeldung zu einer unserer Infoveranstaltungen, die im Herbst online und an verschiedenen Orten stattfinden (Liste aller Termine folgt zeitnah) oder ruf Meli im B\u00fcro an (Mo 14:00\u201318:00 Uhr, Tel. 0175 2059201), wenn du Fragen hast.<\/p><p>Falls du am Erntejahr 2026 teilnehmen m\u00f6chtest, aber es dir nicht m\u00f6glich ist, zur Beitragsrunde am 06. Dezember 2025 zu kommen, kannst du eine Vertretung schicken, die bevollm\u00e4chtigt ist, den Vertrag abzuschlie\u00dfen. D.h., sie braucht eine Vollmacht von dir, Infos zu deiner Beitragsh\u00f6he und deine Bankdaten. (In diesem Fall bitte trotzdem hier mit deinem Namen anmelden.) Falls auch eine Vertretung nicht m\u00f6glich ist, kannst du vorab den Vertrag abschlie\u00dfen, bitte melde dich dann aber vorher bei uns wegen deiner Beitragsh\u00f6he (Mo 14:00\u201318:00 Uhr, Tel. 0175-2059201).<\/p><p>Die Beitragsrunde ist unser gemeinsamer Start in das n\u00e4chste Erntejahr, und nur wenn m\u00f6glichst alle teilnehmen, l\u00e4sst sich unser Prinzip der solidarischen Beitragsgestaltung verwirklichen. Wir freuen uns auf dich und darauf, unsere Gemeinschaft zu feiern. Bringe gerne etwas f\u00fcr das vegetarisch-vegane B\u00fcffet mit.<\/p>\t\t\t\t\t\t\t\t<\/div>\n\t\t\t\t<\/div>\n\t\t\t\t\t<\/div>\n\t\t<\/div>\n\t\t\t\t\t<\/div>\n\t\t<\/section>\n\t\t\t\t<section class=\"elementor-section elementor-top-section elementor-element elementor-element-9877b01 elementor-section-boxed elementor-section-height-default elementor-section-height-default\" data-id=\"9877b01\" data-element_type=\"section\" data-e-type=\"section\">\n\t\t\t\t\t\t<div class=\"elementor-container elementor-column-gap-default\">\n\t\t\t\t\t<div class=\"elementor-column elementor-col-100 elementor-top-column elementor-element elementor-element-4d9c596\" data-id=\"4d9c596\" data-element_type=\"column\" data-e-type=\"column\">\n\t\t\t<div class=\"elementor-widget-wrap elementor-element-populated\">\n\t\t\t\t\t\t<div class=\"elementor-element elementor-element-69adfa6 elementor-widget elementor-widget-text-editor\" data-id=\"69adfa6\" data-element_type=\"widget\" data-e-type=\"widget\" data-widget_type=\"text-editor.default\">\n\t\t\t\t<div class=\"elementor-widget-container\">\n\t\t\t\t\t\t\t\t\t<p>\u201eHiermit melde ich mich verbindlich zur Beitragsrunde am 06. Dezember 2025 von 10:00 bis 15:00 Uhr (Infos zum genauen Zeitplan und Ablauf folgen) im Ringlokschuppen (Am Schlo\u00df Broich 38, 45479 M\u00fclheim) an und bekunde meinen Willen, ab Januar 2026 Ernteanteilnehmer:in der Solidarischen Landwirtschaft M\u00fclheim zu werden.<\/p><p>Ich habe mir die Informationen zum Konzept, insbesondere die <strong><a href=\"https:\/\/solawi-mh.de\/en\/faq\/\">FAQs<\/a><\/strong> auf der Solawi-Webseite, durchgelesen.\u201c<\/p>\t\t\t\t\t\t\t\t<\/div>\n\t\t\t\t<\/div>\n\t\t\t\t\t<\/div>\n\t\t<\/div>\n\t\t\t\t\t<\/div>\n\t\t<\/section>\n\t\t\t\t<section class=\"elementor-section elementor-top-section elementor-element elementor-element-48a19ce elementor-section-full_width elementor-section-height-default elementor-section-height-default\" data-id=\"48a19ce\" data-element_type=\"section\" data-e-type=\"section\">\n\t\t\t\t\t\t<div class=\"elementor-container elementor-column-gap-default\">\n\t\t\t\t\t<div class=\"elementor-column elementor-col-100 elementor-top-column elementor-element elementor-element-0936212\" data-id=\"0936212\" data-element_type=\"column\" data-e-type=\"column\">\n\t\t\t<div class=\"elementor-widget-wrap elementor-element-populated\">\n\t\t\t\t\t\t<div class=\"elementor-element elementor-element-7eaa34f eael-contact-form-7-button-align-left eael-contact-form-7-button-custom elementor-widget elementor-widget-eael-contact-form-7\" data-id=\"7eaa34f\" data-element_type=\"widget\" data-e-type=\"widget\" data-widget_type=\"eael-contact-form-7.default\">\n\t\t\t\t<div class=\"elementor-widget-container\">\n\t\t\t\t\t<div class=\"eael-contact-form-7-wrapper\">\n                <div class=\"eael-contact-form eael-contact-form-7 eael-contact-form-7eaa34f placeholder-show eael-custom-radio-checkbox eael-contact-form-align-default\">\n<div class=\"wpcf7 no-js\" id=\"wpcf7-f2860-o1\" lang=\"en-US\" dir=\"ltr\" data-wpcf7-id=\"2860\">\n<div class=\"screen-reader-response\"><p role=\"status\" aria-live=\"polite\" aria-atomic=\"true\"><\/p> <ul><\/ul><\/div>\n<form action=\"\/en\/wp-json\/wp\/v2\/pages\/2912#wpcf7-f2860-o1\" method=\"post\" class=\"wpcf7-form init cf7mls-no-scroll cf7mls-auto-return-first-step cf7mls-no-moving-animation wpcf7-acceptance-as-validation\" aria-label=\"Contact form\" novalidate=\"novalidate\" data-status=\"init\" data-trp-original-action=\"\/en\/wp-json\/wp\/v2\/pages\/2912#wpcf7-f2860-o1\">\n<fieldset class=\"hidden-fields-container\"><input type=\"hidden\" name=\"_wpcf7\" value=\"2860\" \/><input type=\"hidden\" name=\"_wpcf7_version\" value=\"6.1.5\" \/><input type=\"hidden\" name=\"_wpcf7_locale\" value=\"en_US\" \/><input type=\"hidden\" name=\"_wpcf7_unit_tag\" value=\"wpcf7-f2860-o1\" \/><input type=\"hidden\" name=\"_wpcf7_container_post\" value=\"0\" \/><input type=\"hidden\" name=\"_wpcf7_posted_data_hash\" value=\"\" \/><input type=\"hidden\" name=\"_wpcf7cf_hidden_group_fields\" value=\"[]\" \/><input type=\"hidden\" name=\"_wpcf7cf_hidden_groups\" value=\"[]\" \/><input type=\"hidden\" name=\"_wpcf7cf_visible_groups\" value=\"[]\" \/><input type=\"hidden\" name=\"_wpcf7cf_repeaters\" value=\"[]\" \/><input type=\"hidden\" name=\"_wpcf7cf_steps\" value=\"{}\" \/><input type=\"hidden\" name=\"_wpcf7cf_options\" value=\"{&quot;form_id&quot;:2860,&quot;conditions&quot;:[],&quot;settings&quot;:{&quot;animation&quot;:&quot;yes&quot;,&quot;animation_intime&quot;:200,&quot;animation_outtime&quot;:200,&quot;conditions_ui&quot;:&quot;normal&quot;,&quot;notice_dismissed&quot;:false,&quot;notice_dismissed_update-cf7-5.7&quot;:true,&quot;notice_dismissed_rollback-cf7-6.0.3&quot;:true,&quot;notice_dismissed_rollback-cf7-6.0.6&quot;:true,&quot;notice_dismissed_rollback-cf7-6.1.1&quot;:true}}\" \/>\n<\/fieldset>\n<p text-align: right>\n\t<font color=\"red\"> *\n\t<\/font> = Pflichtfeld\n<\/p>\n<p><label> <b>Nachname\n\t\t\t<font color=\"red\"> *\n\t\t\t<\/font><\/b><br \/>\n<span class=\"wpcf7-form-control-wrap\" data-name=\"your-name\"><input size=\"40\" maxlength=\"400\" class=\"wpcf7-form-control wpcf7-text wpcf7-validates-as-required\" aria-required=\"true\" aria-invalid=\"false\" value=\"\" type=\"text\" name=\"your-name\" \/><\/span> <\/label>\n<\/p>\n<p><label> <b>Vorname\n\t\t\t<font color=\"red\"> *\n\t\t\t<\/font><\/b><br \/>\n<span class=\"wpcf7-form-control-wrap\" data-name=\"vorname\"><input size=\"40\" maxlength=\"400\" class=\"wpcf7-form-control wpcf7-text wpcf7-validates-as-required\" aria-required=\"true\" aria-invalid=\"false\" value=\"\" type=\"text\" name=\"vorname\" \/><\/span> <\/label>\n<\/p>\n<p><label> <b>E-Mail-Adresse\n\t\t\t<font color=\"red\"> *\n\t\t\t<\/font><\/b><br \/>\n<span class=\"wpcf7-form-control-wrap\" data-name=\"your-email\"><input size=\"40\" maxlength=\"400\" class=\"wpcf7-form-control wpcf7-email wpcf7-validates-as-required wpcf7-text wpcf7-validates-as-email\" aria-required=\"true\" aria-invalid=\"false\" value=\"\" type=\"email\" name=\"your-email\" \/><\/span> <\/label>\n<\/p>\n<p><label> <b>Stra\u00dfe & Hausnummer\n\t\t\t<font color=\"red\"> *\n\t\t\t<\/font><\/b><br \/>\n<span class=\"wpcf7-form-control-wrap\" data-name=\"your-street\"><input size=\"40\" maxlength=\"400\" class=\"wpcf7-form-control wpcf7-text wpcf7-validates-as-required\" aria-required=\"true\" aria-invalid=\"false\" value=\"\" type=\"text\" name=\"your-street\" \/><\/span> <\/label>\n<\/p>\n<p><label><b>PLZ\n\t\t\t<font color=\"red\"> *\n\t\t\t<\/font><\/b><br \/>\n<span class=\"wpcf7-form-control-wrap\" data-name=\"your-zip\"><input size=\"40\" maxlength=\"400\" class=\"wpcf7-form-control wpcf7-text wpcf7-validates-as-required\" aria-required=\"true\" aria-invalid=\"false\" value=\"\" type=\"text\" name=\"your-zip\" \/><\/span> <\/label>\n<\/p>\n<p><label><b>Stadt\n\t\t\t<font color=\"red\"> *\n\t\t\t<\/font><\/b><br \/>\n<span class=\"wpcf7-form-control-wrap\" data-name=\"your-city\"><input size=\"40\" maxlength=\"400\" class=\"wpcf7-form-control wpcf7-text wpcf7-validates-as-required\" aria-required=\"true\" aria-invalid=\"false\" value=\"\" type=\"text\" name=\"your-city\" \/><\/span> <\/label>\n<\/p>\n<p><label> <b>Telefonnummer\n\t\t\t<font color=\"red\"> *\n\t\t\t<\/font><\/b><br \/>\n<span class=\"wpcf7-form-control-wrap\" data-name=\"your-tel\"><input size=\"40\" maxlength=\"400\" class=\"wpcf7-form-control wpcf7-tel wpcf7-validates-as-required wpcf7-text wpcf7-validates-as-tel\" aria-required=\"true\" aria-invalid=\"false\" value=\"\" type=\"tel\" name=\"your-tel\" \/><\/span> <\/label>\n<\/p>\n<p>Teilst du dir den Anteil mit Personen au\u00dferhalb deines Haushalts?<br \/>\nBitte sage uns gerne wer:\n<\/p>\n<p><label> <b>Nachname(n)<\/b><br \/>\n<span class=\"wpcf7-form-control-wrap\" data-name=\"Teilperson-name\"><input size=\"40\" maxlength=\"400\" class=\"wpcf7-form-control wpcf7-text\" aria-invalid=\"false\" value=\"\" type=\"text\" name=\"Teilperson-name\" \/><\/span> <\/label>\n<\/p>\n<p><label> <b>Vorname(n)<\/b><br \/>\n<span class=\"wpcf7-form-control-wrap\" data-name=\"Teilperson-vorname\"><input size=\"40\" maxlength=\"400\" class=\"wpcf7-form-control wpcf7-text\" aria-invalid=\"false\" value=\"\" type=\"text\" name=\"Teilperson-vorname\" \/><\/span> <\/label>\n<\/p>\n<p><label> <b>E-Mail<\/b><br \/>\n<span class=\"wpcf7-form-control-wrap\" data-name=\"Teilperson-Mail\"><input size=\"40\" maxlength=\"400\" class=\"wpcf7-form-control wpcf7-text\" aria-invalid=\"false\" value=\"\" type=\"text\" name=\"Teilperson-Mail\" \/><\/span> <\/label>\n<\/p>\n<p>Wie lange bist du schon Teil der Solawi?\n<\/p>\n<p><span class=\"wpcf7-form-control-wrap\" data-name=\"Dauer-Solawi\"><span class=\"wpcf7-form-control wpcf7-checkbox\"><span class=\"wpcf7-list-item first\"><label><input type=\"checkbox\" name=\"Dauer-Solawi[]\" value=\"seit 2022\/Probesolawi\" \/><span class=\"wpcf7-list-item-label\">seit 2022\/Probesolawi<\/span><\/label><\/span><span class=\"wpcf7-list-item\"><label><input type=\"checkbox\" name=\"Dauer-Solawi[]\" value=\"seit 2023\" \/><span class=\"wpcf7-list-item-label\">seit 2023<\/span><\/label><\/span><span class=\"wpcf7-list-item\"><label><input type=\"checkbox\" name=\"Dauer-Solawi[]\" value=\"seit 2024\" \/><span class=\"wpcf7-list-item-label\">seit 2024<\/span><\/label><\/span><span class=\"wpcf7-list-item\"><label><input type=\"checkbox\" name=\"Dauer-Solawi[]\" value=\"seit 2025\" \/><span class=\"wpcf7-list-item-label\">seit 2025<\/span><\/label><\/span><span class=\"wpcf7-list-item\"><label><input type=\"checkbox\" name=\"Dauer-Solawi[]\" value=\"ich bin ganz neu dabei\" \/><span class=\"wpcf7-list-item-label\">ich bin ganz neu dabei<\/span><\/label><\/span><span class=\"wpcf7-list-item last\"><label><input type=\"checkbox\" name=\"Dauer-Solawi[]\" value=\"ich war schonmal dabei, habe eine Weile ausgesetzt und bin jetzt wieder dabei\" \/><span class=\"wpcf7-list-item-label\">ich war schonmal dabei, habe eine Weile ausgesetzt und bin jetzt wieder dabei<\/span><\/label><\/span><\/span><\/span>\n<\/p>\n<p>Wie hast du von der Solawi erfahren? (Mehrfachauswahl m\u00f6glich)<br \/>\n<span class=\"wpcf7-form-control-wrap\" data-name=\"Quelle-Infos\"><span class=\"wpcf7-form-control wpcf7-checkbox\"><span class=\"wpcf7-list-item first\"><label><input type=\"checkbox\" name=\"Quelle-Infos[]\" value=\"\u00dcber FreundInnen\/Familie\/Bekannte\/NachbarInnen\" \/><span class=\"wpcf7-list-item-label\">\u00dcber FreundInnen\/Familie\/Bekannte\/NachbarInnen<\/span><\/label><\/span><span class=\"wpcf7-list-item\"><label><input type=\"checkbox\" name=\"Quelle-Infos[]\" value=\"\u00dcber die Zeitung\" \/><span class=\"wpcf7-list-item-label\">\u00dcber die Zeitung<\/span><\/label><\/span><span class=\"wpcf7-list-item\"><label><input type=\"checkbox\" name=\"Quelle-Infos[]\" value=\"\u00dcber Instagram\" \/><span class=\"wpcf7-list-item-label\">\u00dcber Instagram<\/span><\/label><\/span><span class=\"wpcf7-list-item\"><label><input type=\"checkbox\" name=\"Quelle-Infos[]\" value=\"\u00dcber Facebook\" \/><span class=\"wpcf7-list-item-label\">\u00dcber Facebook<\/span><\/label><\/span><span class=\"wpcf7-list-item\"><label><input type=\"checkbox\" name=\"Quelle-Infos[]\" value=\"\u00dcber einen Solawi Infostand (z.b. beim Klimaregler Festival an der Freilichtb\u00fchne M\u00fclheim oder dem Gutes Klima Festival an der Zeche Carl in Essen)\" \/><span class=\"wpcf7-list-item-label\">\u00dcber einen Solawi Infostand (z.b. beim Klimaregler Festival an der Freilichtb\u00fchne M\u00fclheim oder dem Gutes Klima Festival an der Zeche Carl in Essen)<\/span><\/label><\/span><span class=\"wpcf7-list-item\"><label><input type=\"checkbox\" name=\"Quelle-Infos[]\" value=\"\u00dcber eine Infoveranstaltung mit Vortrag &amp; Pr\u00e4sentation (z.b. im Wandelwinkel oder im Stapeltor)\" \/><span class=\"wpcf7-list-item-label\">\u00dcber eine Infoveranstaltung mit Vortrag &amp; Pr\u00e4sentation (z.b. im Wandelwinkel oder im Stapeltor)<\/span><\/label><\/span><span class=\"wpcf7-list-item\"><label><input type=\"checkbox\" name=\"Quelle-Infos[]\" value=\"\u00dcber ein Plakat an einem der \u00c4cker\" \/><span class=\"wpcf7-list-item-label\">\u00dcber ein Plakat an einem der \u00c4cker<\/span><\/label><\/span><span class=\"wpcf7-list-item\"><label><input type=\"checkbox\" name=\"Quelle-Infos[]\" value=\"\u00dcber ein Plakat im Schaufenster\" \/><span class=\"wpcf7-list-item-label\">\u00dcber ein Plakat im Schaufenster<\/span><\/label><\/span><span class=\"wpcf7-list-item\"><label><input type=\"checkbox\" name=\"Quelle-Infos[]\" value=\"\u00dcber Flyer in der Auslage\" \/><span class=\"wpcf7-list-item-label\">\u00dcber Flyer in der Auslage<\/span><\/label><\/span><span class=\"wpcf7-list-item\"><label><input type=\"checkbox\" name=\"Quelle-Infos[]\" value=\"\u00dcber einen Newsletter\" \/><span class=\"wpcf7-list-item-label\">\u00dcber einen Newsletter<\/span><\/label><\/span><span class=\"wpcf7-list-item\"><label><input type=\"checkbox\" name=\"Quelle-Infos[]\" value=\"\u00dcber den Wandelwinkel\" \/><span class=\"wpcf7-list-item-label\">\u00dcber den Wandelwinkel<\/span><\/label><\/span><span class=\"wpcf7-list-item last\"><label><input type=\"checkbox\" name=\"Quelle-Infos[]\" value=\"Etwas anderes\" \/><span class=\"wpcf7-list-item-label\">Etwas anderes<\/span><\/label><\/span><\/span><\/span>\n<\/p>\n<p>Hier kannst du frei sagen, woher du von uns erfahren hast:<br \/>\n<span class=\"wpcf7-form-control-wrap\" data-name=\"Etwas-anderes\"><textarea cols=\"40\" rows=\"10\" maxlength=\"1200\" class=\"wpcf7-form-control wpcf7-textarea\" aria-invalid=\"false\" name=\"Etwas-anderes\"><\/textarea><\/span>\n<\/p>\n<p><span class=\"wpcf7-form-control-wrap\" data-name=\"Willensbekundung\"><span class=\"wpcf7-form-control wpcf7-acceptance\"><span class=\"wpcf7-list-item\"><label><input type=\"checkbox\" name=\"Willensbekundung\" value=\"1\" aria-invalid=\"false\" \/><span class=\"wpcf7-list-item-label\"><b>Ich melde mich verbindlich zur Beitragsrunde am 06. Dezember, Start: 10:00 Uhr f\u00fcr die Solawi-Saison 2026 an.<font color=\"red\"> *<\/font><\/span><\/label><\/span><\/span><\/span>\n<\/p>\n<p><span class=\"wpcf7-form-control-wrap\" data-name=\"Datenschutz\"><span class=\"wpcf7-form-control wpcf7-acceptance\"><span class=\"wpcf7-list-item\"><label><input type=\"checkbox\" name=\"Datenschutz\" value=\"1\" aria-invalid=\"false\" \/><span class=\"wpcf7-list-item-label\"><b>Ich stimme der Verarbeitung und Speicherung meiner Daten zum Zwecke der Vertragsanbahnung sowie im Sinne dieser Datenschutzerkl\u00e4rung https:\/\/solawi-mh.de\/datenschutz\/ zu.<font color=\"red\"> *<\/font><\/b><font color=\"black\"><\/span><\/label><\/span><\/span><\/span>\n<\/p>\n<p><span class=\"wpcf7-form-control-wrap\" data-name=\"hcap-cf7\">\t\t<input\n\t\t\t\ttype=\"hidden\"\n\t\t\t\tclass=\"hcaptcha-widget-id\"\n\t\t\t\tname=\"hcaptcha-widget-id\"\n\t\t\t\tvalue=\"eyJzb3VyY2UiOlsiY29udGFjdC1mb3JtLTdcL3dwLWNvbnRhY3QtZm9ybS03LnBocCJdLCJmb3JtX2lkIjoyODYwfQ==-0fe16848f130e08996538f29f4582d5c\">\n\t\t\t\t<span id=\"hcap_cf7-69f32f377a9c78.62063441\" class=\"wpcf7-form-control h-captcha\"\n\t\t\tdata-sitekey=\"1f34ffa2-60d6-4d64-9804-a416435e14f2\"\n\t\t\tdata-theme=\"light\"\n\t\t\tdata-size=\"normal\"\n\t\t\tdata-auto=\"false\"\n\t\t\tdata-ajax=\"false\"\n\t\t\tdata-force=\"false\">\n\t\t<\/span>\n\t\t<input type=\"hidden\" id=\"_wpnonce\" name=\"_wpnonce\" value=\"6f395bdb7c\" \/><input type=\"hidden\" name=\"_wp_http_referer\" value=\"\/en\/wp-json\/wp\/v2\/pages\/2912\" \/><\/span><input class=\"wpcf7-form-control wpcf7-submit has-spinner\" type=\"submit\" value=\"Zur Beitragsrunde anmelden\" \/>\n<\/p><p style=\"display: none !important;\" class=\"akismet-fields-container\" data-prefix=\"_wpcf7_ak_\"><label>&#916;<textarea name=\"_wpcf7_ak_hp_textarea\" cols=\"45\" rows=\"8\" maxlength=\"100\"><\/textarea><\/label><input type=\"hidden\" id=\"ak_js_1\" name=\"_wpcf7_ak_js\" value=\"239\"\/><script>\ndocument.getElementById( \"ak_js_1\" ).setAttribute( \"value\", ( new Date() ).getTime() );\n<\/script>\n<\/p><div class=\"wpcf7-response-output\" aria-hidden=\"true\"><\/div>\n<input type=\"hidden\" name=\"trp-form-language\" value=\"en\"\/><\/form>\n<\/div>\n<\/div>\n            <\/div>\t\t\t\t<\/div>\n\t\t\t\t<\/div>\n\t\t\t\t\t<\/div>\n\t\t<\/div>\n\t\t\t\t\t<\/div>\n\t\t<\/section>\n\t\t\t\t<\/div>","protected":false},"excerpt":{"rendered":"<p>Anmeldung zur Beitragsrunde f\u00fcr die Saison 2026 Unsere gemeinsame Entscheidung f\u00fcr die n\u00e4chste Erntesaison. Der Solidarische Landwirtschaft M\u00fclheim e.V. (Solawi) plant, im Erntejahr 2026 220 Ernteanteile zu vergeben. Wir laden [&hellip;]<\/p>","protected":false},"author":3,"featured_media":0,"parent":0,"menu_order":0,"comment_status":"closed","ping_status":"closed","template":"elementor_header_footer","meta":{"footnotes":""},"class_list":["post-2912","page","type-page","status-publish","hentry","entry"],"_links":{"self":[{"href":"http:\/\/solawi-mh.de\/en\/wp-json\/wp\/v2\/pages\/2912","targetHints":{"allow":["GET"]}}],"collection":[{"href":"http:\/\/solawi-mh.de\/en\/wp-json\/wp\/v2\/pages"}],"about":[{"href":"http:\/\/solawi-mh.de\/en\/wp-json\/wp\/v2\/types\/page"}],"author":[{"embeddable":true,"href":"http:\/\/solawi-mh.de\/en\/wp-json\/wp\/v2\/users\/3"}],"replies":[{"embeddable":true,"href":"http:\/\/solawi-mh.de\/en\/wp-json\/wp\/v2\/comments?post=2912"}],"version-history":[{"count":24,"href":"http:\/\/solawi-mh.de\/en\/wp-json\/wp\/v2\/pages\/2912\/revisions"}],"predecessor-version":[{"id":4661,"href":"http:\/\/solawi-mh.de\/en\/wp-json\/wp\/v2\/pages\/2912\/revisions\/4661"}],"wp:attachment":[{"href":"http:\/\/solawi-mh.de\/en\/wp-json\/wp\/v2\/media?parent=2912"}],"curies":[{"name":"wp","href":"https:\/\/api.w.org\/{rel}","templated":true}]}}