{"id":2433,"date":"2023-11-07T18:17:24","date_gmt":"2023-11-07T17:17:24","guid":{"rendered":"https:\/\/solawi-mh.de\/?page_id=2433"},"modified":"2025-11-24T20:34:03","modified_gmt":"2025-11-24T19:34:03","slug":"danke2025","status":"publish","type":"page","link":"https:\/\/solawi-mh.de\/en\/danke2025\/","title":{"rendered":"Danke2025"},"content":{"rendered":"<div data-elementor-type=\"wp-page\" data-elementor-id=\"2433\" class=\"elementor elementor-2433\" data-elementor-post-type=\"page\">\n\t\t\t\t\t\t<section class=\"elementor-section elementor-top-section elementor-element elementor-element-ec4ab39 elementor-section-boxed elementor-section-height-default elementor-section-height-default\" data-id=\"ec4ab39\" data-element_type=\"section\" data-e-type=\"section\">\n\t\t\t\t\t\t<div class=\"elementor-container elementor-column-gap-default\">\n\t\t\t\t\t<div class=\"elementor-column elementor-col-100 elementor-top-column elementor-element elementor-element-4d6653f\" data-id=\"4d6653f\" data-element_type=\"column\" data-e-type=\"column\">\n\t\t\t<div class=\"elementor-widget-wrap elementor-element-populated\">\n\t\t\t\t\t\t<div class=\"elementor-element elementor-element-cd66ac4 elementor-widget elementor-widget-heading\" data-id=\"cd66ac4\" data-element_type=\"widget\" data-e-type=\"widget\" data-widget_type=\"heading.default\">\n\t\t\t\t<div class=\"elementor-widget-container\">\n\t\t\t\t\t<h2 class=\"elementor-heading-title elementor-size-default\">Danke f\u00fcr deine Bestellung des Ernteanteils 2026<\/h2>\t\t\t\t<\/div>\n\t\t\t\t<\/div>\n\t\t\t\t\t<\/div>\n\t\t<\/div>\n\t\t\t\t\t<\/div>\n\t\t<\/section>\n\t\t\t\t<section class=\"elementor-section elementor-top-section elementor-element elementor-element-b6a5d8d elementor-section-boxed elementor-section-height-default elementor-section-height-default\" data-id=\"b6a5d8d\" data-element_type=\"section\" data-e-type=\"section\">\n\t\t\t\t\t\t<div class=\"elementor-container elementor-column-gap-default\">\n\t\t\t\t\t<div class=\"elementor-column elementor-col-100 elementor-top-column elementor-element elementor-element-bdfbecc\" data-id=\"bdfbecc\" data-element_type=\"column\" data-e-type=\"column\">\n\t\t\t<div class=\"elementor-widget-wrap elementor-element-populated\">\n\t\t\t\t\t\t<div class=\"elementor-element elementor-element-40ed384 elementor-widget elementor-widget-text-editor\" data-id=\"40ed384\" data-element_type=\"widget\" data-e-type=\"widget\" data-widget_type=\"text-editor.default\">\n\t\t\t\t<div class=\"elementor-widget-container\">\n\t\t\t\t\t\t\t\t\t<p><strong>Deine automatische Best\u00e4tigungsmail kommt sofort. Sieh bitte auch im Spamordner nach.&nbsp;<\/strong><\/p>\n<p>In den n\u00e4chsten Wochen erh\u00e4lst du eine Mail mit deinen Eintr\u00e4gen und allen Infos die du ben\u00f6tigst.<\/p>\t\t\t\t\t\t\t\t<\/div>\n\t\t\t\t<\/div>\n\t\t\t\t\t<\/div>\n\t\t<\/div>\n\t\t\t\t\t<\/div>\n\t\t<\/section>\n\t\t\t\t<section class=\"elementor-section elementor-top-section elementor-element elementor-element-d489d9e elementor-section-boxed elementor-section-height-default elementor-section-height-default\" data-id=\"d489d9e\" data-element_type=\"section\" data-e-type=\"section\">\n\t\t\t\t\t\t<div class=\"elementor-container elementor-column-gap-default\">\n\t\t\t\t\t<div class=\"elementor-column elementor-col-100 elementor-top-column elementor-element elementor-element-e8cd62c\" data-id=\"e8cd62c\" data-element_type=\"column\" data-e-type=\"column\">\n\t\t\t<div class=\"elementor-widget-wrap elementor-element-populated\">\n\t\t\t\t\t\t<div class=\"elementor-element elementor-element-c96f0dc elementor-widget elementor-widget-image\" data-id=\"c96f0dc\" data-element_type=\"widget\" data-e-type=\"widget\" data-widget_type=\"image.default\">\n\t\t\t\t<div class=\"elementor-widget-container\">\n\t\t\t\t\t\t\t\t\t\t\t\t\t\t\t<img fetchpriority=\"high\" decoding=\"async\" width=\"366\" height=\"259\" src=\"https:\/\/solawi-mh.de\/wp-content\/uploads\/Solawi-Bild-1.png\" class=\"attachment-large size-large wp-image-2435\" alt=\"\" srcset=\"https:\/\/solawi-mh.de\/wp-content\/uploads\/Solawi-Bild-1.png 366w, https:\/\/solawi-mh.de\/wp-content\/uploads\/Solawi-Bild-1-300x212.png 300w, https:\/\/solawi-mh.de\/wp-content\/uploads\/Solawi-Bild-1-200x142.png 200w, https:\/\/solawi-mh.de\/wp-content\/uploads\/Solawi-Bild-1-234x166.png 234w, https:\/\/solawi-mh.de\/wp-content\/uploads\/Solawi-Bild-1-282x200.png 282w, https:\/\/solawi-mh.de\/wp-content\/uploads\/Solawi-Bild-1-240x170.png 240w, https:\/\/solawi-mh.de\/wp-content\/uploads\/Solawi-Bild-1-160x113.png 160w, https:\/\/solawi-mh.de\/wp-content\/uploads\/Solawi-Bild-1-202x143.png 202w, https:\/\/solawi-mh.de\/wp-content\/uploads\/Solawi-Bild-1-344x243.png 344w, https:\/\/solawi-mh.de\/wp-content\/uploads\/Solawi-Bild-1-312x221.png 312w, https:\/\/solawi-mh.de\/wp-content\/uploads\/Solawi-Bild-1-366x259.png 380w, https:\/\/solawi-mh.de\/wp-content\/uploads\/Solawi-Bild-1-264x187.png 264w, https:\/\/solawi-mh.de\/wp-content\/uploads\/Solawi-Bild-1-282x200-282x200.png 386w, https:\/\/solawi-mh.de\/wp-content\/uploads\/Solawi-Bild-1-282x200-211x150.png 211w\" sizes=\"(max-width: 366px) 100vw, 366px\" \/>\t\t\t\t\t\t\t\t\t\t\t\t\t\t\t<\/div>\n\t\t\t\t<\/div>\n\t\t\t\t\t<\/div>\n\t\t<\/div>\n\t\t\t\t\t<\/div>\n\t\t<\/section>\n\t\t\t\t<\/div>","protected":false},"excerpt":{"rendered":"<p>Danke f\u00fcr deine Bestellung des Ernteanteils 2026 Deine automatische Best\u00e4tigungsmail kommt sofort. Sieh bitte auch im Spamordner nach.&nbsp; In den n\u00e4chsten Wochen erh\u00e4lst du eine Mail mit deinen Eintr\u00e4gen und [&hellip;]<\/p>","protected":false},"author":3,"featured_media":0,"parent":0,"menu_order":0,"comment_status":"closed","ping_status":"closed","template":"","meta":{"footnotes":""},"class_list":["post-2433","page","type-page","status-publish","hentry","entry"],"_links":{"self":[{"href":"https:\/\/solawi-mh.de\/en\/wp-json\/wp\/v2\/pages\/2433","targetHints":{"allow":["GET"]}}],"collection":[{"href":"https:\/\/solawi-mh.de\/en\/wp-json\/wp\/v2\/pages"}],"about":[{"href":"https:\/\/solawi-mh.de\/en\/wp-json\/wp\/v2\/types\/page"}],"author":[{"embeddable":true,"href":"https:\/\/solawi-mh.de\/en\/wp-json\/wp\/v2\/users\/3"}],"replies":[{"embeddable":true,"href":"https:\/\/solawi-mh.de\/en\/wp-json\/wp\/v2\/comments?post=2433"}],"version-history":[{"count":24,"href":"https:\/\/solawi-mh.de\/en\/wp-json\/wp\/v2\/pages\/2433\/revisions"}],"predecessor-version":[{"id":4813,"href":"https:\/\/solawi-mh.de\/en\/wp-json\/wp\/v2\/pages\/2433\/revisions\/4813"}],"wp:attachment":[{"href":"https:\/\/solawi-mh.de\/en\/wp-json\/wp\/v2\/media?parent=2433"}],"curies":[{"name":"wp","href":"https:\/\/api.w.org\/{rel}","templated":true}]}}