{"id":3989,"date":"2025-09-04T11:14:39","date_gmt":"2025-09-04T09:14:39","guid":{"rendered":"https:\/\/solawi-mh.de\/?page_id=3989"},"modified":"2025-09-16T20:05:06","modified_gmt":"2025-09-16T18:05:06","slug":"prinzip-solawi","status":"publish","type":"page","link":"https:\/\/solawi-mh.de\/en\/prinzip-solawi\/","title":{"rendered":"Prinzip Solawi"},"content":{"rendered":"<div data-elementor-type=\"wp-page\" data-elementor-id=\"3989\" class=\"elementor elementor-3989\" data-elementor-post-type=\"page\">\n\t\t\t\t\t\t<section class=\"elementor-section elementor-top-section elementor-element elementor-element-9b2fe9a elementor-section-full_width elementor-section-height-min-height elementor-section-stretched elementor-section-height-default elementor-section-items-middle\" data-id=\"9b2fe9a\" data-element_type=\"section\" data-e-type=\"section\" data-settings=\"{&quot;stretch_section&quot;:&quot;section-stretched&quot;,&quot;background_background&quot;:&quot;classic&quot;,&quot;background_motion_fx_motion_fx_scrolling&quot;:&quot;yes&quot;,&quot;background_motion_fx_opacity_effect&quot;:&quot;yes&quot;,&quot;background_motion_fx_opacity_level&quot;:{&quot;unit&quot;:&quot;px&quot;,&quot;size&quot;:8.4000000000000004,&quot;sizes&quot;:[]},&quot;background_motion_fx_opacity_direction&quot;:&quot;out-in&quot;,&quot;background_motion_fx_opacity_range&quot;:{&quot;unit&quot;:&quot;%&quot;,&quot;size&quot;:&quot;&quot;,&quot;sizes&quot;:{&quot;start&quot;:20,&quot;end&quot;:80}},&quot;background_motion_fx_devices&quot;:[&quot;desktop&quot;,&quot;tablet&quot;,&quot;mobile&quot;]}\">\n\t\t\t\t\t\t<div class=\"elementor-container elementor-column-gap-default\">\n\t\t\t\t\t<div class=\"elementor-column elementor-col-100 elementor-top-column elementor-element elementor-element-c580744\" data-id=\"c580744\" data-element_type=\"column\" data-e-type=\"column\">\n\t\t\t<div class=\"elementor-widget-wrap elementor-element-populated\">\n\t\t\t\t\t\t<div class=\"elementor-element elementor-element-41494b3 elementor-widget__width-inherit elementor-invisible elementor-widget elementor-widget-heading\" data-id=\"41494b3\" data-element_type=\"widget\" data-e-type=\"widget\" data-settings=\"{&quot;_animation&quot;:&quot;fadeInLeft&quot;}\" data-widget_type=\"heading.default\">\n\t\t\t\t<div class=\"elementor-widget-container\">\n\t\t\t\t\t<h2 class=\"elementor-heading-title elementor-size-default\">\u00dcBER UNS - SOLAWI M\u00dcLHEIM<\/h2>\t\t\t\t<\/div>\n\t\t\t\t<\/div>\n\t\t\t\t<div class=\"elementor-element elementor-element-d5ff412 elementor-invisible elementor-widget elementor-widget-text-editor\" data-id=\"d5ff412\" data-element_type=\"widget\" data-e-type=\"widget\" data-settings=\"{&quot;_animation&quot;:&quot;fadeInRight&quot;}\" data-widget_type=\"text-editor.default\">\n\t\t\t\t<div class=\"elementor-widget-container\">\n\t\t\t\t\t\t\t\t\t<p>Solidarische Landwirtschaft f\u00fcr Vielfalt, Gemeinschaft &amp; Zukunft<\/p>\t\t\t\t\t\t\t\t<\/div>\n\t\t\t\t<\/div>\n\t\t\t\t\t<\/div>\n\t\t<\/div>\n\t\t\t\t\t<\/div>\n\t\t<\/section>\n\t\t\t\t<section class=\"elementor-section elementor-top-section elementor-element elementor-element-e2c6a87 elementor-section-full_width elementor-section-stretched elementor-section-height-default elementor-section-height-default\" data-id=\"e2c6a87\" data-element_type=\"section\" data-e-type=\"section\" data-settings=\"{&quot;stretch_section&quot;:&quot;section-stretched&quot;}\">\n\t\t\t\t\t\t<div class=\"elementor-container elementor-column-gap-default\">\n\t\t\t\t\t<div class=\"elementor-column elementor-col-25 elementor-top-column elementor-element elementor-element-fbfe1ba\" data-id=\"fbfe1ba\" data-element_type=\"column\" data-e-type=\"column\">\n\t\t\t<div class=\"elementor-widget-wrap\">\n\t\t\t\t\t\t\t<\/div>\n\t\t<\/div>\n\t\t\t\t<div class=\"elementor-column elementor-col-50 elementor-top-column elementor-element elementor-element-e4a020a\" data-id=\"e4a020a\" data-element_type=\"column\" data-e-type=\"column\">\n\t\t\t<div class=\"elementor-widget-wrap elementor-element-populated\">\n\t\t\t\t\t\t<section class=\"elementor-section elementor-inner-section elementor-element elementor-element-6b134eb elementor-section-boxed elementor-section-height-default elementor-section-height-default\" data-id=\"6b134eb\" data-element_type=\"section\" data-e-type=\"section\">\n\t\t\t\t\t\t<div class=\"elementor-container elementor-column-gap-default\">\n\t\t\t\t\t<div class=\"elementor-column elementor-col-50 elementor-inner-column elementor-element elementor-element-21dcdda\" data-id=\"21dcdda\" data-element_type=\"column\" data-e-type=\"column\">\n\t\t\t<div class=\"elementor-widget-wrap elementor-element-populated\">\n\t\t\t\t\t\t<div class=\"elementor-element elementor-element-59d29ff elementor-widget elementor-widget-heading\" data-id=\"59d29ff\" data-element_type=\"widget\" data-e-type=\"widget\" data-widget_type=\"heading.default\">\n\t\t\t\t<div class=\"elementor-widget-container\">\n\t\t\t\t\t<h2 class=\"elementor-heading-title elementor-size-default\">Prinzip Solawi<\/h2>\t\t\t\t<\/div>\n\t\t\t\t<\/div>\n\t\t\t\t<div class=\"elementor-element elementor-element-af1bba8 elementor-widget elementor-widget-text-editor\" data-id=\"af1bba8\" data-element_type=\"widget\" data-e-type=\"widget\" data-widget_type=\"text-editor.default\">\n\t\t\t\t<div class=\"elementor-widget-container\">\n\t\t\t\t\t\t\t\t\t<p data-start=\"350\" data-end=\"652\">In einer Solawi (= Solidarische Landwirtschaft) tr\u00e4gt eine Gruppe von Menschen f\u00fcr ein Jahr mit einem festen monatlichen Beitrag alle Kosten eines Gem\u00fcsebetriebs \u2013 vom Saatgut \u00fcber die Landpacht bis zu den L\u00f6hnen f\u00fcr die Anbauenden. Im Gegenzug erhalten sie regelm\u00e4\u00dfig einen Anteil frisches Gem\u00fcse.<\/p><p style=\"font-weight: 400;\">Diese Art der Finanzierung erm\u00f6glicht einen regenerativen und biologisch vielf\u00e4ltigen Gem\u00fcseanbau, weil der Preisdruck des Marktes nicht der bestimmende Faktor ist.\u00a0Daraus ergeben sich f\u00fcr\u00a0uns gr\u00f6\u00dfere Handlungsspielr\u00e4ume,\u00a0durch\u00a0die wir\u00a0uns\u00a0neben dem Gem\u00fcseanbau auch\u00a0um\u00a0die F\u00f6rderung der Artenvielfalt, die Schonung unserer B\u00f6den sowie den Klimaschutz\u00a0k\u00fcmmern\u00a0k\u00f6nnen. \u00a0\u00a0<\/p>\t\t\t\t\t\t\t\t<\/div>\n\t\t\t\t<\/div>\n\t\t\t\t<div class=\"elementor-element elementor-element-3f79d06 elementor-widget elementor-widget-accordion\" data-id=\"3f79d06\" data-element_type=\"widget\" data-e-type=\"widget\" data-widget_type=\"accordion.default\">\n\t\t\t\t<div class=\"elementor-widget-container\">\n\t\t\t\t\t\t\t<div class=\"elementor-accordion\">\n\t\t\t\t\t\t\t<div class=\"elementor-accordion-item\">\n\t\t\t\t\t<div id=\"elementor-tab-title-6651\" class=\"elementor-tab-title\" data-tab=\"1\" role=\"button\" aria-controls=\"elementor-tab-content-6651\" aria-expanded=\"false\">\n\t\t\t\t\t\t\t\t\t\t\t\t\t<span class=\"elementor-accordion-icon elementor-accordion-icon-left\" aria-hidden=\"true\">\n\t\t\t\t\t\t\t\t\t\t\t\t\t\t\t<span class=\"elementor-accordion-icon-closed\"><i class=\"fas fa-plus\"><\/i><\/span>\n\t\t\t\t\t\t\t\t<span class=\"elementor-accordion-icon-opened\"><i class=\"fas fa-minus\"><\/i><\/span>\n\t\t\t\t\t\t\t\t\t\t\t\t\t\t<\/span>\n\t\t\t\t\t\t\t\t\t\t\t\t<a class=\"elementor-accordion-title\" tabindex=\"0\">Solidarit\u00e4t & Gemeinschaft<\/a>\n\t\t\t\t\t<\/div>\n\t\t\t\t\t<div id=\"elementor-tab-content-6651\" class=\"elementor-tab-content elementor-clearfix\" data-tab=\"1\" role=\"region\" aria-labelledby=\"elementor-tab-title-6651\"><p data-start=\"928\" data-end=\"961\">Die Solawi ist solidarisch weil:<\/p><ul data-start=\"962\" data-end=\"1172\"><li data-start=\"962\" data-end=\"1018\"><p data-start=\"964\" data-end=\"1018\">die Ernteanteilnehmenden den Anbauenden einen fairen Lohn erm\u00f6glichen<\/p><\/li><li data-start=\"1019\" data-end=\"1115\"><p data-start=\"1021\" data-end=\"1115\">flexible Beitr\u00e4ge auch Menschen mit geringerem Einkommen Zugang zu gutem Gem\u00fcse erm\u00f6glichen,<\/p><\/li><li data-start=\"1116\" data-end=\"1172\"><p data-start=\"1118\" data-end=\"1172\">Risiken wie Ernteausf\u00e4lle gemeinsam getragen werden.<\/p><\/li><\/ul><p data-start=\"1174\" data-end=\"1351\">Ernteanteilnehmende und G\u00e4rtner:innen bilden eine Wirtschaftsgemeinschaft, die unabh\u00e4ngig von Handelspartner:innen funktioniert und durch gemeinsame Aktivit\u00e4ten gest\u00e4rkt wird.<\/p><\/div>\n\t\t\t\t<\/div>\n\t\t\t\t\t\t\t<div class=\"elementor-accordion-item\">\n\t\t\t\t\t<div id=\"elementor-tab-title-6652\" class=\"elementor-tab-title\" data-tab=\"2\" role=\"button\" aria-controls=\"elementor-tab-content-6652\" aria-expanded=\"false\">\n\t\t\t\t\t\t\t\t\t\t\t\t\t<span class=\"elementor-accordion-icon elementor-accordion-icon-left\" aria-hidden=\"true\">\n\t\t\t\t\t\t\t\t\t\t\t\t\t\t\t<span class=\"elementor-accordion-icon-closed\"><i class=\"fas fa-plus\"><\/i><\/span>\n\t\t\t\t\t\t\t\t<span class=\"elementor-accordion-icon-opened\"><i class=\"fas fa-minus\"><\/i><\/span>\n\t\t\t\t\t\t\t\t\t\t\t\t\t\t<\/span>\n\t\t\t\t\t\t\t\t\t\t\t\t<a class=\"elementor-accordion-title\" tabindex=\"0\">Solawis in Deutschland<\/a>\n\t\t\t\t\t<\/div>\n\t\t\t\t\t<div id=\"elementor-tab-content-6652\" class=\"elementor-tab-content elementor-clearfix\" data-tab=\"2\" role=\"region\" aria-labelledby=\"elementor-tab-title-6652\"><p data-start=\"1392\" data-end=\"1602\">Allein in Deutschland gibt es inzwischen \u00fcber <strong data-start=\"1438\" data-end=\"1453\">500 Solawis<\/strong> \u2013 jede mit eigener Gr\u00f6\u00dfe und Struktur.<br data-start=\"1492\" data-end=\"1495\" \/>Die <strong data-start=\"1499\" data-end=\"1517\">Solawi M\u00fclheim<\/strong> ist als Verein organisiert und versorgt derzeit knapp <strong data-start=\"1572\" data-end=\"1599\">200 Ernteanteilnehmende<\/strong>.<\/p><\/div>\n\t\t\t\t<\/div>\n\t\t\t\t\t\t\t\t<\/div>\n\t\t\t\t\t\t<\/div>\n\t\t\t\t<\/div>\n\t\t\t\t\t<\/div>\n\t\t<\/div>\n\t\t\t\t<div class=\"elementor-column elementor-col-50 elementor-inner-column elementor-element elementor-element-cd2b800\" data-id=\"cd2b800\" data-element_type=\"column\" data-e-type=\"column\">\n\t\t\t<div class=\"elementor-widget-wrap elementor-element-populated\">\n\t\t\t\t\t\t<div class=\"elementor-element elementor-element-9f27892 elementor-widget elementor-widget-image\" data-id=\"9f27892\" data-element_type=\"widget\" data-e-type=\"widget\" data-widget_type=\"image.default\">\n\t\t\t\t<div class=\"elementor-widget-container\">\n\t\t\t\t\t\t\t\t\t\t\t\t\t\t\t<img fetchpriority=\"high\" decoding=\"async\" width=\"683\" height=\"1024\" src=\"https:\/\/solawi-mh.de\/wp-content\/uploads\/81A8257-683x1024.jpg\" class=\"attachment-large size-large wp-image-2927\" alt=\"Es wird Herbst bei der Solawi\" srcset=\"https:\/\/solawi-mh.de\/wp-content\/uploads\/81A8257-683x1024.jpg 683w, https:\/\/solawi-mh.de\/wp-content\/uploads\/81A8257-200x300.jpg 200w, https:\/\/solawi-mh.de\/wp-content\/uploads\/81A8257-768x1151.jpg 768w, https:\/\/solawi-mh.de\/wp-content\/uploads\/81A8257-1025x1536.jpg 1025w, https:\/\/solawi-mh.de\/wp-content\/uploads\/81A8257-1366x2048.jpg 1366w, https:\/\/solawi-mh.de\/wp-content\/uploads\/81A8257-scaled.jpg 1708w\" sizes=\"(max-width: 683px) 100vw, 683px\" \/>\t\t\t\t\t\t\t\t\t\t\t\t\t\t\t<\/div>\n\t\t\t\t<\/div>\n\t\t\t\t\t<\/div>\n\t\t<\/div>\n\t\t\t\t\t<\/div>\n\t\t<\/section>\n\t\t\t\t\t<\/div>\n\t\t<\/div>\n\t\t\t\t<div class=\"elementor-column elementor-col-25 elementor-top-column elementor-element elementor-element-0e4dbfb\" data-id=\"0e4dbfb\" data-element_type=\"column\" data-e-type=\"column\">\n\t\t\t<div class=\"elementor-widget-wrap\">\n\t\t\t\t\t\t\t<\/div>\n\t\t<\/div>\n\t\t\t\t\t<\/div>\n\t\t<\/section>\n\t\t\t\t<section class=\"elementor-section elementor-top-section elementor-element elementor-element-bfc0e8d elementor-section-full_width elementor-section-stretched elementor-section-height-default elementor-section-height-default\" data-id=\"bfc0e8d\" data-element_type=\"section\" data-e-type=\"section\" data-settings=\"{&quot;stretch_section&quot;:&quot;section-stretched&quot;}\">\n\t\t\t\t\t\t<div class=\"elementor-container elementor-column-gap-default\">\n\t\t\t\t\t<div class=\"elementor-column elementor-col-25 elementor-top-column elementor-element elementor-element-e1d6f51\" data-id=\"e1d6f51\" data-element_type=\"column\" data-e-type=\"column\">\n\t\t\t<div class=\"elementor-widget-wrap\">\n\t\t\t\t\t\t\t<\/div>\n\t\t<\/div>\n\t\t\t\t<div class=\"elementor-column elementor-col-50 elementor-top-column elementor-element elementor-element-2b6ea48\" data-id=\"2b6ea48\" data-element_type=\"column\" data-e-type=\"column\">\n\t\t\t<div class=\"elementor-widget-wrap elementor-element-populated\">\n\t\t\t\t\t\t<div class=\"elementor-element elementor-element-8a2c6bc elementor-widget__width-initial elementor-widget elementor-widget-video\" data-id=\"8a2c6bc\" data-element_type=\"widget\" data-e-type=\"widget\" data-settings=\"{&quot;youtube_url&quot;:&quot;https:\\\/\\\/youtu.be\\\/e-3Jnl6gbhM&quot;,&quot;start&quot;:0,&quot;video_type&quot;:&quot;youtube&quot;,&quot;controls&quot;:&quot;yes&quot;}\" data-widget_type=\"video.default\">\n\t\t\t\t<div class=\"elementor-widget-container\">\n\t\t\t\t\t\t\t<div class=\"elementor-wrapper elementor-open-inline\">\n\t\t\t<div class=\"elementor-video\"><\/div>\t\t<\/div>\n\t\t\t\t\t\t<\/div>\n\t\t\t\t<\/div>\n\t\t\t\t\t<\/div>\n\t\t<\/div>\n\t\t\t\t<div class=\"elementor-column elementor-col-25 elementor-top-column elementor-element elementor-element-375ad7c\" data-id=\"375ad7c\" data-element_type=\"column\" data-e-type=\"column\">\n\t\t\t<div class=\"elementor-widget-wrap\">\n\t\t\t\t\t\t\t<\/div>\n\t\t<\/div>\n\t\t\t\t\t<\/div>\n\t\t<\/section>\n\t\t\t\t<section class=\"elementor-section elementor-top-section elementor-element elementor-element-c4ffc1f elementor-section-full_width elementor-section-stretched elementor-section-height-default elementor-section-height-default\" data-id=\"c4ffc1f\" data-element_type=\"section\" data-e-type=\"section\" data-settings=\"{&quot;stretch_section&quot;:&quot;section-stretched&quot;}\">\n\t\t\t\t\t\t<div class=\"elementor-container elementor-column-gap-default\">\n\t\t\t\t\t<div class=\"elementor-column elementor-col-25 elementor-top-column elementor-element elementor-element-eca4028\" data-id=\"eca4028\" data-element_type=\"column\" data-e-type=\"column\">\n\t\t\t<div class=\"elementor-widget-wrap\">\n\t\t\t\t\t\t\t<\/div>\n\t\t<\/div>\n\t\t\t\t<div class=\"elementor-column elementor-col-50 elementor-top-column elementor-element elementor-element-12e4086\" data-id=\"12e4086\" data-element_type=\"column\" data-e-type=\"column\">\n\t\t\t<div class=\"elementor-widget-wrap elementor-element-populated\">\n\t\t\t\t\t\t<section class=\"elementor-section elementor-inner-section elementor-element elementor-element-b6b97fc elementor-section-boxed elementor-section-height-default elementor-section-height-default\" data-id=\"b6b97fc\" data-element_type=\"section\" data-e-type=\"section\">\n\t\t\t\t\t\t<div class=\"elementor-container elementor-column-gap-default\">\n\t\t\t\t\t<div class=\"elementor-column elementor-col-50 elementor-inner-column elementor-element elementor-element-e91eb95\" data-id=\"e91eb95\" data-element_type=\"column\" data-e-type=\"column\">\n\t\t\t<div class=\"elementor-widget-wrap elementor-element-populated\">\n\t\t\t\t\t\t<div class=\"elementor-element elementor-element-bd5b5c8 elementor-align-center elementor-widget elementor-widget-button\" data-id=\"bd5b5c8\" data-element_type=\"widget\" data-e-type=\"widget\" data-widget_type=\"button.default\">\n\t\t\t\t<div class=\"elementor-widget-container\">\n\t\t\t\t\t\t\t\t\t<div class=\"elementor-button-wrapper\">\n\t\t\t\t\t<a class=\"elementor-button elementor-button-link elementor-size-sm\" href=\"https:\/\/www.solidarische-landwirtschaft.org\/das-konzept\/was-ist-solawi\/\" target=\"_blank\" rel=\"noopener\">\n\t\t\t\t\t\t<span class=\"elementor-button-content-wrapper\">\n\t\t\t\t\t\t\t\t\t<span class=\"elementor-button-text\">Infos zu Solawis im Allgemeinen<\/span>\n\t\t\t\t\t<\/span>\n\t\t\t\t\t<\/a>\n\t\t\t\t<\/div>\n\t\t\t\t\t\t\t\t<\/div>\n\t\t\t\t<\/div>\n\t\t\t\t\t<\/div>\n\t\t<\/div>\n\t\t\t\t<div class=\"elementor-column elementor-col-50 elementor-inner-column elementor-element elementor-element-33c2d8b\" data-id=\"33c2d8b\" data-element_type=\"column\" data-e-type=\"column\">\n\t\t\t<div class=\"elementor-widget-wrap elementor-element-populated\">\n\t\t\t\t\t\t<div class=\"elementor-element elementor-element-fb25853 elementor-align-center elementor-widget elementor-widget-button\" data-id=\"fb25853\" data-element_type=\"widget\" data-e-type=\"widget\" data-widget_type=\"button.default\">\n\t\t\t\t<div class=\"elementor-widget-container\">\n\t\t\t\t\t\t\t\t\t<div class=\"elementor-button-wrapper\">\n\t\t\t\t\t<a class=\"elementor-button elementor-button-link elementor-size-sm\" href=\"https:\/\/www.solidarische-landwirtschaft.org\/das-konzept\/vision-und-grundprinzipien\/#accordionHead8056\" target=\"_blank\" rel=\"noopener\">\n\t\t\t\t\t\t<span class=\"elementor-button-content-wrapper\">\n\t\t\t\t\t\t\t\t\t<span class=\"elementor-button-text\">Visionen und Grundprinzipien von Solawis <\/span>\n\t\t\t\t\t<\/span>\n\t\t\t\t\t<\/a>\n\t\t\t\t<\/div>\n\t\t\t\t\t\t\t\t<\/div>\n\t\t\t\t<\/div>\n\t\t\t\t\t<\/div>\n\t\t<\/div>\n\t\t\t\t\t<\/div>\n\t\t<\/section>\n\t\t\t\t\t<\/div>\n\t\t<\/div>\n\t\t\t\t<div class=\"elementor-column elementor-col-25 elementor-top-column elementor-element elementor-element-f75f03c\" data-id=\"f75f03c\" data-element_type=\"column\" data-e-type=\"column\">\n\t\t\t<div class=\"elementor-widget-wrap\">\n\t\t\t\t\t\t\t<\/div>\n\t\t<\/div>\n\t\t\t\t\t<\/div>\n\t\t<\/section>\n\t\t\t\t<section class=\"elementor-section elementor-top-section elementor-element elementor-element-06a3760 elementor-section-full_width elementor-section-stretched elementor-section-height-default elementor-section-height-default\" data-id=\"06a3760\" data-element_type=\"section\" data-e-type=\"section\" data-settings=\"{&quot;stretch_section&quot;:&quot;section-stretched&quot;}\">\n\t\t\t\t\t\t<div class=\"elementor-container elementor-column-gap-default\">\n\t\t\t\t\t<div class=\"elementor-column elementor-col-25 elementor-top-column elementor-element elementor-element-f409468\" data-id=\"f409468\" data-element_type=\"column\" data-e-type=\"column\">\n\t\t\t<div class=\"elementor-widget-wrap\">\n\t\t\t\t\t\t\t<\/div>\n\t\t<\/div>\n\t\t\t\t<div class=\"elementor-column elementor-col-50 elementor-top-column elementor-element elementor-element-4337ea9\" data-id=\"4337ea9\" data-element_type=\"column\" data-e-type=\"column\">\n\t\t\t<div class=\"elementor-widget-wrap elementor-element-populated\">\n\t\t\t\t\t\t<div class=\"elementor-element elementor-element-96bb500 eael-infobox-content-align--center elementor-widget elementor-widget-eael-info-box\" data-id=\"96bb500\" data-element_type=\"widget\" data-e-type=\"widget\" data-widget_type=\"eael-info-box.default\">\n\t\t\t\t<div class=\"elementor-widget-container\">\n\t\t\t\t\t        <div class=\"eael-infobox icon-on-top\">\n\t            <div class=\"infobox-content\">\n                    <div class=\"infobox-title-section\">\n                <h4 class=\"sub_title\">Toleranz und Weltoffenheit, Wertsch\u00e4tzung und Solidarit\u00e4t, Transformation und Zukunftsf\u00e4higkeit <\/h4><h2 class=\"title\">Unser politisches Selbstverst\u00e4ndnis<\/h2>            <\/div>\n                    <\/div>\n            <\/div>\n\n\t\t\t\t\t\t<\/div>\n\t\t\t\t<\/div>\n\t\t\t\t<div class=\"elementor-element elementor-element-88cccb3 elementor-widget elementor-widget-text-editor\" data-id=\"88cccb3\" data-element_type=\"widget\" data-e-type=\"widget\" data-widget_type=\"text-editor.default\">\n\t\t\t\t<div class=\"elementor-widget-container\">\n\t\t\t\t\t\t\t\t\t<p>Wir verstehen uns als Zusammenschluss von Menschen, die sich dem Gedanken des Humanismus, der Vo\u0308lkerversta\u0308ndigung, der Demokratie, dem Internationalismus und den Menschenrechten verpflichtet fu\u0308hlen. Wir treten f\u00fcr ein solidarisches Miteinander ein und f\u00fcr Offenheit und Wertsch\u00e4tzung gegen\u00fcber allen Menschen, Geschlechtern, Herk\u00fcnften und Lebensformen. Wir dulden keine rassistischen, fremdenfeindlichen oder andere diskriminierenden oder menschenverachtenden \u00dcberzeugungen oder Bestrebungen. Handlungen, die dem widersprechen, oder ein Engagement in Parteien und Organisationen, die dazu im Widerspruch stehen, sind mit der Teilhabe an unserer Solidarischen Landwirtschaft nicht vereinbar.<\/p><div><p class=\"s4\">Gegenseitige\u00a0Wertscha\u0308tzung\u00a0und Anerkennung aller Beteiligten\u00a0bilden die Basis unserer\u00a0Solawi. Die Arbeit der\u00a0G\u00e4rtner:innen\u00a0wird\u00a0gewu\u0308rdigt\u00a0und ihre Erfahrungen und Entscheidungen in der landwirtschaftlichen Erzeugung sind das Fundament unserer Zusammenarbeit.\u00a0Wir wollen gute Ern\u00e4hrung f\u00fcr alle erm\u00f6glichen und durch unser solidarisches Prinzip sozialer Ungleichheit entgegenwirken\u00a0\u2013 und dadurch unsere Gesellschaft ver\u00e4ndern.<\/p><\/div><div><p class=\"s4\">G\u00e4rtner:innen\u00a0und Ernteanteilnehmende bilden gemeinsam eine Wirtschaftsgemeinschaft, die von dritten\u00a0Handelspartner:innen\u00a0unabh\u00e4ngig\u00a0ist. Direkte Beziehungen zwischen\u00a0G\u00e4rtner:innen\u00a0und Ernteanteilnehmenden\u00a0sowie\u00a0der\u00a0Ernteanteilnehmenden\u00a0untereinander werden durch gemeinsame\u00a0Aktivita\u0308ten, Veranstaltungen und\/oder\u00a0Begegnungsra\u0308ume\u00a0ermo\u0308glicht. Dies\u00a0fo\u0308rdert\u00a0die gegenseitige Wahrnehmung,\u00a0unterstu\u0308tzt\u00a0den Informationsfluss und\u00a0den\u00a0lebendigen Austausch.<\/p><\/div><div><p class=\"s4\">Unsere\u00a0Landwirtschaft\u00a0tra\u0308gt\u00a0aktiv zum Erhalt der biologischen Vielfalt, zum Humusaufbau wie auch\u00a0zum\u00a0Boden- und\u00a0Gewa\u0308sserschutz\u00a0bei.\u00a0Es wird keinerlei gentechnisch\u00a0vera\u0308ndertes\u00a0Saatgut\u00a0eingesetzt, unsere D\u00fcngung ist vegan.<\/p><\/div><div><p class=\"s4\">Wenn du als Teil unserer Gemeinschaft die\u00a0Solawi\u00a0M\u00fclheim repr\u00e4sentierst (z.B. bei Veranstaltungen), verpflichtest du dich, dieses Selbstverst\u00e4ndnis nach au\u00dfen zu vertreten.<\/p><\/div>\t\t\t\t\t\t\t\t<\/div>\n\t\t\t\t<\/div>\n\t\t\t\t\t<\/div>\n\t\t<\/div>\n\t\t\t\t<div class=\"elementor-column elementor-col-25 elementor-top-column elementor-element elementor-element-179f804\" data-id=\"179f804\" data-element_type=\"column\" data-e-type=\"column\">\n\t\t\t<div class=\"elementor-widget-wrap\">\n\t\t\t\t\t\t\t<\/div>\n\t\t<\/div>\n\t\t\t\t\t<\/div>\n\t\t<\/section>\n\t\t\t\t<\/div>","protected":false},"excerpt":{"rendered":"<p>\u00dcBER UNS &#8211; SOLAWI M\u00dcLHEIM Solidarische Landwirtschaft f\u00fcr Vielfalt, Gemeinschaft &amp; Zukunft Prinzip Solawi In einer Solawi (= Solidarische Landwirtschaft) tr\u00e4gt eine Gruppe von Menschen f\u00fcr ein Jahr mit einem [&hellip;]<\/p>","protected":false},"author":10,"featured_media":0,"parent":0,"menu_order":0,"comment_status":"closed","ping_status":"closed","template":"","meta":{"footnotes":""},"class_list":["post-3989","page","type-page","status-publish","hentry","entry"],"_links":{"self":[{"href":"https:\/\/solawi-mh.de\/en\/wp-json\/wp\/v2\/pages\/3989","targetHints":{"allow":["GET"]}}],"collection":[{"href":"https:\/\/solawi-mh.de\/en\/wp-json\/wp\/v2\/pages"}],"about":[{"href":"https:\/\/solawi-mh.de\/en\/wp-json\/wp\/v2\/types\/page"}],"author":[{"embeddable":true,"href":"https:\/\/solawi-mh.de\/en\/wp-json\/wp\/v2\/users\/10"}],"replies":[{"embeddable":true,"href":"https:\/\/solawi-mh.de\/en\/wp-json\/wp\/v2\/comments?post=3989"}],"version-history":[{"count":36,"href":"https:\/\/solawi-mh.de\/en\/wp-json\/wp\/v2\/pages\/3989\/revisions"}],"predecessor-version":[{"id":4315,"href":"https:\/\/solawi-mh.de\/en\/wp-json\/wp\/v2\/pages\/3989\/revisions\/4315"}],"wp:attachment":[{"href":"https:\/\/solawi-mh.de\/en\/wp-json\/wp\/v2\/media?parent=3989"}],"curies":[{"name":"wp","href":"https:\/\/api.w.org\/{rel}","templated":true}]}}