{"id":4484,"date":"2025-10-22T11:11:37","date_gmt":"2025-10-22T09:11:37","guid":{"rendered":"https:\/\/solawi-mh.de\/?page_id=4484"},"modified":"2025-10-31T12:56:11","modified_gmt":"2025-10-31T11:56:11","slug":"schwarzes-brett","status":"publish","type":"page","link":"https:\/\/solawi-mh.de\/en\/schwarzes-brett\/","title":{"rendered":"Schwarzes Brett"},"content":{"rendered":"<div data-elementor-type=\"wp-page\" data-elementor-id=\"4484\" class=\"elementor elementor-4484\" data-elementor-post-type=\"page\">\n\t\t\t\t\t\t<section class=\"elementor-section elementor-top-section elementor-element elementor-element-9b2fe9a elementor-section-full_width elementor-section-height-min-height elementor-section-stretched elementor-section-content-top elementor-section-height-default elementor-section-items-middle\" data-id=\"9b2fe9a\" data-element_type=\"section\" data-e-type=\"section\" data-settings=\"{&quot;stretch_section&quot;:&quot;section-stretched&quot;,&quot;background_background&quot;:&quot;classic&quot;,&quot;background_motion_fx_motion_fx_scrolling&quot;:&quot;yes&quot;,&quot;background_motion_fx_opacity_effect&quot;:&quot;yes&quot;,&quot;background_motion_fx_opacity_level&quot;:{&quot;unit&quot;:&quot;px&quot;,&quot;size&quot;:8.4000000000000004,&quot;sizes&quot;:[]},&quot;background_motion_fx_opacity_direction&quot;:&quot;out-in&quot;,&quot;background_motion_fx_opacity_range&quot;:{&quot;unit&quot;:&quot;%&quot;,&quot;size&quot;:&quot;&quot;,&quot;sizes&quot;:{&quot;start&quot;:20,&quot;end&quot;:80}},&quot;background_motion_fx_devices&quot;:[&quot;desktop&quot;,&quot;tablet&quot;,&quot;mobile&quot;]}\">\n\t\t\t\t\t\t<div class=\"elementor-container elementor-column-gap-no\">\n\t\t\t\t\t<div class=\"elementor-column elementor-col-100 elementor-top-column elementor-element elementor-element-c580744\" data-id=\"c580744\" data-element_type=\"column\" data-e-type=\"column\">\n\t\t\t<div class=\"elementor-widget-wrap elementor-element-populated\">\n\t\t\t\t\t\t<div class=\"elementor-element elementor-element-0f30714 elementor-invisible elementor-widget elementor-widget-heading\" data-id=\"0f30714\" data-element_type=\"widget\" data-e-type=\"widget\" data-settings=\"{&quot;_animation&quot;:&quot;slideInLeft&quot;}\" data-widget_type=\"heading.default\">\n\t\t\t\t<div class=\"elementor-widget-container\">\n\t\t\t\t\t<h2 class=\"elementor-heading-title elementor-size-default\">SCHWARZES BRETT<\/h2>\t\t\t\t<\/div>\n\t\t\t\t<\/div>\n\t\t\t\t<div class=\"elementor-element elementor-element-e9326ad elementor-invisible elementor-widget elementor-widget-text-editor\" data-id=\"e9326ad\" data-element_type=\"widget\" data-e-type=\"widget\" data-settings=\"{&quot;_animation&quot;:&quot;slideInRight&quot;}\" data-widget_type=\"text-editor.default\">\n\t\t\t\t<div class=\"elementor-widget-container\">\n\t\t\t\t\t\t\t\t\t<p>Du m\u00f6chtest mitmachen, aber ein ganzer Anteil ist zu viel? Hier findest du passende Mitteilende.<\/p>\t\t\t\t\t\t\t\t<\/div>\n\t\t\t\t<\/div>\n\t\t\t\t\t<\/div>\n\t\t<\/div>\n\t\t\t\t\t<\/div>\n\t\t<\/section>\n\t\t\t\t<section class=\"elementor-section elementor-top-section elementor-element elementor-element-a170258 elementor-section-full_width elementor-section-stretched elementor-section-height-default elementor-section-height-default\" data-id=\"a170258\" data-element_type=\"section\" data-e-type=\"section\" data-settings=\"{&quot;stretch_section&quot;:&quot;section-stretched&quot;}\">\n\t\t\t\t\t\t<div class=\"elementor-container elementor-column-gap-default\">\n\t\t\t\t\t<div class=\"elementor-column elementor-col-25 elementor-top-column elementor-element elementor-element-317b3c0\" data-id=\"317b3c0\" data-element_type=\"column\" data-e-type=\"column\">\n\t\t\t<div class=\"elementor-widget-wrap\">\n\t\t\t\t\t\t\t<\/div>\n\t\t<\/div>\n\t\t\t\t<div class=\"elementor-column elementor-col-50 elementor-top-column elementor-element elementor-element-5f71aa4\" data-id=\"5f71aa4\" data-element_type=\"column\" data-e-type=\"column\">\n\t\t\t<div class=\"elementor-widget-wrap elementor-element-populated\">\n\t\t\t\t\t\t<div class=\"elementor-element elementor-element-a4f1d27 elementor-widget elementor-widget-heading\" data-id=\"a4f1d27\" data-element_type=\"widget\" data-e-type=\"widget\" data-widget_type=\"heading.default\">\n\t\t\t\t<div class=\"elementor-widget-container\">\n\t\t\t\t\t<h2 class=\"elementor-heading-title elementor-size-default\">Was ist das Schwarze Brett?<\/h2>\t\t\t\t<\/div>\n\t\t\t\t<\/div>\n\t\t\t\t<section class=\"elementor-section elementor-inner-section elementor-element elementor-element-4bdf493 elementor-section-boxed elementor-section-height-default elementor-section-height-default\" data-id=\"4bdf493\" data-element_type=\"section\" data-e-type=\"section\">\n\t\t\t\t\t\t<div class=\"elementor-container elementor-column-gap-default\">\n\t\t\t\t\t<div class=\"elementor-column elementor-col-50 elementor-inner-column elementor-element elementor-element-a5acf5c\" data-id=\"a5acf5c\" data-element_type=\"column\" data-e-type=\"column\">\n\t\t\t<div class=\"elementor-widget-wrap elementor-element-populated\">\n\t\t\t\t\t\t<div class=\"elementor-element elementor-element-c9054e7 elementor-widget elementor-widget-text-editor\" data-id=\"c9054e7\" data-element_type=\"widget\" data-e-type=\"widget\" data-widget_type=\"text-editor.default\">\n\t\t\t\t<div class=\"elementor-widget-container\">\n\t\t\t\t\t\t\t\t\t<p data-start=\"397\" data-end=\"632\">Hier k\u00f6nnen sich Interessierte und Ernteanteilnehmende vernetzen, um Anteile gemeinsam zu nutzen.<br data-start=\"1487\" data-end=\"1490\" \/>Trage dich mit Vornamen, Stadtteil und Kontakt ein und beschreibe kurz, ob du jemanden suchst oder einen halben Anteil anbietest.<br data-start=\"1619\" data-end=\"1622\" \/>Alle weiteren Absprachen trefft ihr eigenst\u00e4ndig. Bitte nutze das Schwarze Brett respektvoll und l\u00f6sche deinen Eintrag, wenn sich eine Teilgemeinschaft gefunden hat.<\/p>\t\t\t\t\t\t\t\t<\/div>\n\t\t\t\t<\/div>\n\t\t\t\t\t<\/div>\n\t\t<\/div>\n\t\t\t\t<div class=\"elementor-column elementor-col-50 elementor-inner-column elementor-element elementor-element-c8bf7e1\" data-id=\"c8bf7e1\" data-element_type=\"column\" data-e-type=\"column\">\n\t\t\t<div class=\"elementor-widget-wrap elementor-element-populated\">\n\t\t\t\t\t\t<div class=\"elementor-element elementor-element-469eb6f elementor-widget elementor-widget-image\" data-id=\"469eb6f\" data-element_type=\"widget\" data-e-type=\"widget\" data-widget_type=\"image.default\">\n\t\t\t\t<div class=\"elementor-widget-container\">\n\t\t\t\t\t\t\t\t\t\t\t\t\t\t\t<img fetchpriority=\"high\" decoding=\"async\" width=\"1006\" height=\"1024\" src=\"https:\/\/solawi-mh.de\/wp-content\/uploads\/signal-2023-08-11-025803_002-1006x1024.jpeg\" class=\"attachment-large size-large wp-image-2179\" alt=\"\" srcset=\"https:\/\/solawi-mh.de\/wp-content\/uploads\/signal-2023-08-11-025803_002-1006x1024.jpeg 1006w, https:\/\/solawi-mh.de\/wp-content\/uploads\/signal-2023-08-11-025803_002-295x300.jpeg 295w, https:\/\/solawi-mh.de\/wp-content\/uploads\/signal-2023-08-11-025803_002-768x782.jpeg 768w, https:\/\/solawi-mh.de\/wp-content\/uploads\/signal-2023-08-11-025803_002-1508x1536.jpeg 1508w, https:\/\/solawi-mh.de\/wp-content\/uploads\/signal-2023-08-11-025803_002.jpeg 2011w\" sizes=\"(max-width: 1006px) 100vw, 1006px\" \/>\t\t\t\t\t\t\t\t\t\t\t\t\t\t\t<\/div>\n\t\t\t\t<\/div>\n\t\t\t\t\t<\/div>\n\t\t<\/div>\n\t\t\t\t\t<\/div>\n\t\t<\/section>\n\t\t\t\t\t<\/div>\n\t\t<\/div>\n\t\t\t\t<div class=\"elementor-column elementor-col-25 elementor-top-column elementor-element elementor-element-a6fb812\" data-id=\"a6fb812\" data-element_type=\"column\" data-e-type=\"column\">\n\t\t\t<div class=\"elementor-widget-wrap\">\n\t\t\t\t\t\t\t<\/div>\n\t\t<\/div>\n\t\t\t\t\t<\/div>\n\t\t<\/section>\n\t\t\t\t<section class=\"elementor-section elementor-top-section elementor-element elementor-element-ac3bc3f elementor-section-full_width elementor-section-stretched elementor-section-height-default elementor-section-height-default\" data-id=\"ac3bc3f\" data-element_type=\"section\" data-e-type=\"section\" data-settings=\"{&quot;stretch_section&quot;:&quot;section-stretched&quot;}\">\n\t\t\t\t\t\t<div class=\"elementor-container elementor-column-gap-default\">\n\t\t\t\t\t<div class=\"elementor-column elementor-col-25 elementor-top-column elementor-element elementor-element-c7c7ea2\" data-id=\"c7c7ea2\" data-element_type=\"column\" data-e-type=\"column\">\n\t\t\t<div class=\"elementor-widget-wrap\">\n\t\t\t\t\t\t\t<\/div>\n\t\t<\/div>\n\t\t\t\t<div class=\"elementor-column elementor-col-50 elementor-top-column elementor-element elementor-element-7c0d276\" data-id=\"7c0d276\" data-element_type=\"column\" data-e-type=\"column\">\n\t\t\t<div class=\"elementor-widget-wrap elementor-element-populated\">\n\t\t\t\t\t\t<div class=\"elementor-element elementor-element-aad35a6 elementor-widget elementor-widget-heading\" data-id=\"aad35a6\" data-element_type=\"widget\" data-e-type=\"widget\" data-widget_type=\"heading.default\">\n\t\t\t\t<div class=\"elementor-widget-container\">\n\t\t\t\t\t<h2 class=\"elementor-heading-title elementor-size-default\">Wie funktioniert das Schwarze Brett?<\/h2>\t\t\t\t<\/div>\n\t\t\t\t<\/div>\n\t\t\t\t<div class=\"elementor-element elementor-element-62b920f elementor-widget elementor-widget-text-editor\" data-id=\"62b920f\" data-element_type=\"widget\" data-e-type=\"widget\" data-widget_type=\"text-editor.default\">\n\t\t\t\t<div class=\"elementor-widget-container\">\n\t\t\t\t\t\t\t\t\tAus Datenschutzgr\u00fcnden ist das Schwarze Brett passwortgesch\u00fctzt.\nUm Zugang zu erhalten, trage dich bitte in unsere Mail-Liste \u201eErnteanteil teilen\u201c ein.\nNach der Best\u00e4tigung deiner E-Mail-Adresse erh\u00e4ltst du automatisch eine Nachricht mit dem Passwort sowie dem Link zum Schwarzen Brett.\nDort kannst du dich mit anderen austauschen und passende Teilpartner:innen finden.\nDeine Daten werden ausschlie\u00dflich f\u00fcr den Versand des Zugangs zum Schwarzen Brett verwendet und nicht weitergegeben oder f\u00fcr andere Zwecke genutzt.\t\t\t\t\t\t\t\t<\/div>\n\t\t\t\t<\/div>\n\t\t\t\t<div class=\"elementor-element elementor-element-90e43e1 elementor-widget elementor-widget-et-mailster-block-form\" data-id=\"90e43e1\" data-element_type=\"widget\" data-e-type=\"widget\" data-widget_type=\"et-mailster-block-form.default\">\n\t\t\t\t<div class=\"elementor-widget-container\">\n\t\t\t\t\t<div class=\"mailster-block-form-type-content wp-block-mailster-form-outside-wrapper wp-block-mailster-form-outside-wrapper-37eebefd wp-block-mailster-form-outside-wrapper-4489 wp-block-mailster-form\"><style class=\"mailster-form-style-37eebefd\">.wp-block-mailster-form-outside-wrapper-37eebefd .wp-block-mailster-form-wrapper .mailster-label{}.wp-block-mailster-form-outside-wrapper-37eebefd .wp-block-mailster-form-wrapper .input{border-radius:0px;border-width:0px}div.wp-block-mailster-form-outside-wrapper.wp-block-mailster-form-outside-wrapper-37eebefd.wp-block-mailster-form-outside-wrapper-4489 .input,div.wp-block-mailster-form-outside-wrapper.wp-block-mailster-form-outside-wrapper-37eebefd.wp-block-mailster-form-outside-wrapper-4489 .submit-button{height:66px}div.wp-block-mailster-form-outside-wrapper.wp-block-mailster-form-outside-wrapper-37eebefd.wp-block-mailster-form-outside-wrapper-4489 .mailster-wrapper{margin:0 !important}<\/style>\n<form method=\"post\" novalidate class=\"wp-block-mailster-form-wrapper mailster-block-form\" action=\"\"><div class=\"mailster-block-form-inner\">\n<div class=\"wp-block-mailster-messages mailster-block-form-info mailster-wrapper\" aria-hidden=\"true\"><div class=\"mailster-block-form-info-success\" style=\"width:100%;color:#ffffff;background:#6fbf4d\"><div>Please confirm your subscription!<\/div><div class=\"mailster-block-form-info-extra\"><\/div><\/div><div class=\"mailster-block-form-info-error\" style=\"width:100%;color:#ffffff;background:#bf4d4d\"><div>Einige Angaben fehlen oder sind nicht korrekt.<\/div><div class=\"mailster-block-form-info-extra\"><\/div><\/div><\/div>\n\n\n\n<div class=\"wp-block-mailster-field-email mailster-wrapper mailster-wrapper-required mailster-wrapper-type-email mailster-wrapper-inline mailster-wrapper-asterisk\" style=\"width:60%\"><input name=\"email\" id=\"mailster-id-d48676\" type=\"email\" aria-required=\"true\" aria-label=\"E-Mail\" spellcheck=\"false\" required value=\"\" class=\"input\" autocomplete=\"email\" placeholder=\" \"\/><label for=\"mailster-id-d48676\" class=\"mailster-label\">E-Mail<\/label><\/div>\n\n\n\n<div class=\"wp-block-mailster-gdpr mailster-wrapper\"><div class=\"mailster-group mailster-group-checkbox\"><input id=\"mailster-id-57f625\" type=\"checkbox\" name=\"_gdpr\" value=\"1\"\/><label for=\"mailster-id-57f625\" class=\"mailster-label\">Ich stimme den Datenschutzbestimmungen und Nutzungsbedingungen zu.<\/label><\/div><\/div>\n\n\n\n<div class=\"wp-block-mailster-field-submit mailster-wrapper mailster-wrapper-type-submit wp-block-button\" style=\"width:40%\"><input name=\"submit\" id=\"mailster-id-9013a6\" type=\"submit\" style=\"border-width:0px;border-radius:0px\" value=\"Anmelden\" class=\"wp-block-button__link submit-button\"\/><\/div>\n<\/div><script class=\"mailster-block-form-data\" type=\"application\/json\">{\"id\":4489,\"identifier\":\"37eebefd\",\"cooldown\":0,\"isPreview\":false,\"type\":\"submission\",\"prefill\":false}<\/script><input name=\"_timestamp\" type=\"hidden\" value=\"1777664690\" \/>\n<button class=\"mailster-block-form-close\" aria-label=\"close\" tabindex=\"0\"><svg viewbox=\"0 0 100 100\"><path d=\"M100 10.71 89.29 0 50 39.29 10.71 0 0 10.71 39.29 50 0 89.29 10.71 100 50 60.71 89.29 100 100 89.29 60.71 50z\"\/><\/svg><\/button><input type=\"hidden\" name=\"trp-form-language\" value=\"en\"\/><\/form>\n<\/div>\t\t\t\t<\/div>\n\t\t\t\t<\/div>\n\t\t\t\t\t<\/div>\n\t\t<\/div>\n\t\t\t\t<div class=\"elementor-column elementor-col-25 elementor-top-column elementor-element elementor-element-d8a40bd\" data-id=\"d8a40bd\" data-element_type=\"column\" data-e-type=\"column\">\n\t\t\t<div class=\"elementor-widget-wrap\">\n\t\t\t\t\t\t\t<\/div>\n\t\t<\/div>\n\t\t\t\t\t<\/div>\n\t\t<\/section>\n\t\t\t\t<section class=\"elementor-section elementor-top-section elementor-element elementor-element-01194eb elementor-section-full_width elementor-section-stretched elementor-section-height-default elementor-section-height-default\" data-id=\"01194eb\" data-element_type=\"section\" data-e-type=\"section\" data-settings=\"{&quot;stretch_section&quot;:&quot;section-stretched&quot;,&quot;background_background&quot;:&quot;classic&quot;}\">\n\t\t\t\t\t\t<div class=\"elementor-container elementor-column-gap-default\">\n\t\t\t\t\t<div class=\"elementor-column elementor-col-16 elementor-top-column elementor-element elementor-element-dec5bd9\" data-id=\"dec5bd9\" data-element_type=\"column\" data-e-type=\"column\">\n\t\t\t<div class=\"elementor-widget-wrap\">\n\t\t\t\t\t\t\t<\/div>\n\t\t<\/div>\n\t\t\t\t<div class=\"elementor-column elementor-col-66 elementor-top-column elementor-element elementor-element-683c865\" data-id=\"683c865\" data-element_type=\"column\" data-e-type=\"column\">\n\t\t\t<div class=\"elementor-widget-wrap elementor-element-populated\">\n\t\t\t\t\t\t<div class=\"elementor-element elementor-element-470dbcf elementor-widget elementor-widget-html\" data-id=\"470dbcf\" data-element_type=\"widget\" data-e-type=\"widget\" data-widget_type=\"html.default\">\n\t\t\t\t<div class=\"elementor-widget-container\">\n\t\t\t\t\t<div class=\"cryptpad-embed\">\n  <iframe \n    src=\"https:\/\/cryptpad.fr\/pad\/#\/2\/pad\/edit\/x7tjENL-cLMGHwF2P6sJKgtW\/p\/embed\/\"\n    style=\"width:100%; height:80vh; border:0;\" \n    loading=\"lazy\" \n    referrerpolicy=\"no-referrer\" \n    sandbox=\"allow-scripts allow-same-origin allow-forms\">\n  <\/iframe>\n<\/div>\t\t\t\t<\/div>\n\t\t\t\t<\/div>\n\t\t\t\t\t<\/div>\n\t\t<\/div>\n\t\t\t\t<div class=\"elementor-column elementor-col-16 elementor-top-column elementor-element elementor-element-100f83b\" data-id=\"100f83b\" data-element_type=\"column\" data-e-type=\"column\">\n\t\t\t<div class=\"elementor-widget-wrap\">\n\t\t\t\t\t\t\t<\/div>\n\t\t<\/div>\n\t\t\t\t\t<\/div>\n\t\t<\/section>\n\t\t\t\t<\/div>","protected":false},"excerpt":{"rendered":"<p>SCHWARZES BRETT Du m\u00f6chtest mitmachen, aber ein ganzer Anteil ist zu viel? Hier findest du passende Mitteilende. Was ist das Schwarze Brett? Hier k\u00f6nnen sich Interessierte und Ernteanteilnehmende vernetzen, um [&hellip;]<\/p>","protected":false},"author":10,"featured_media":0,"parent":0,"menu_order":0,"comment_status":"closed","ping_status":"closed","template":"","meta":{"footnotes":""},"class_list":["post-4484","page","type-page","status-publish","hentry","entry"],"_links":{"self":[{"href":"https:\/\/solawi-mh.de\/en\/wp-json\/wp\/v2\/pages\/4484","targetHints":{"allow":["GET"]}}],"collection":[{"href":"https:\/\/solawi-mh.de\/en\/wp-json\/wp\/v2\/pages"}],"about":[{"href":"https:\/\/solawi-mh.de\/en\/wp-json\/wp\/v2\/types\/page"}],"author":[{"embeddable":true,"href":"https:\/\/solawi-mh.de\/en\/wp-json\/wp\/v2\/users\/10"}],"replies":[{"embeddable":true,"href":"https:\/\/solawi-mh.de\/en\/wp-json\/wp\/v2\/comments?post=4484"}],"version-history":[{"count":19,"href":"https:\/\/solawi-mh.de\/en\/wp-json\/wp\/v2\/pages\/4484\/revisions"}],"predecessor-version":[{"id":4566,"href":"https:\/\/solawi-mh.de\/en\/wp-json\/wp\/v2\/pages\/4484\/revisions\/4566"}],"wp:attachment":[{"href":"https:\/\/solawi-mh.de\/en\/wp-json\/wp\/v2\/media?parent=4484"}],"curies":[{"name":"wp","href":"https:\/\/api.w.org\/{rel}","templated":true}]}}