{"id":4738,"date":"2025-11-20T10:04:12","date_gmt":"2025-11-20T09:04:12","guid":{"rendered":"http:\/\/solawi-mh.de\/?page_id=4738"},"modified":"2026-01-22T16:08:43","modified_gmt":"2026-01-22T15:08:43","slug":"oberhausen","status":"publish","type":"page","link":"https:\/\/solawi-mh.de\/en\/oberhausen\/","title":{"rendered":"Oberhausen"},"content":{"rendered":"<div data-elementor-type=\"wp-page\" data-elementor-id=\"4738\" class=\"elementor elementor-4738\" data-elementor-post-type=\"page\">\n\t\t\t\t\t\t<section class=\"elementor-section elementor-top-section elementor-element elementor-element-2e2f3cdc elementor-section-full_width elementor-section-height-min-height elementor-section-stretched elementor-section-content-top elementor-section-height-default elementor-section-items-middle\" data-id=\"2e2f3cdc\" data-element_type=\"section\" data-e-type=\"section\" data-settings=\"{&quot;stretch_section&quot;:&quot;section-stretched&quot;,&quot;background_background&quot;:&quot;classic&quot;,&quot;background_motion_fx_motion_fx_scrolling&quot;:&quot;yes&quot;,&quot;background_motion_fx_opacity_effect&quot;:&quot;yes&quot;,&quot;background_motion_fx_opacity_level&quot;:{&quot;unit&quot;:&quot;px&quot;,&quot;size&quot;:8.4000000000000004,&quot;sizes&quot;:[]},&quot;background_motion_fx_opacity_direction&quot;:&quot;out-in&quot;,&quot;background_motion_fx_opacity_range&quot;:{&quot;unit&quot;:&quot;%&quot;,&quot;size&quot;:&quot;&quot;,&quot;sizes&quot;:{&quot;start&quot;:20,&quot;end&quot;:80}},&quot;background_motion_fx_devices&quot;:[&quot;desktop&quot;,&quot;tablet&quot;,&quot;mobile&quot;]}\">\n\t\t\t\t\t\t<div class=\"elementor-container elementor-column-gap-no\">\n\t\t\t\t\t<div class=\"elementor-column elementor-col-100 elementor-top-column elementor-element elementor-element-76f0b591\" data-id=\"76f0b591\" data-element_type=\"column\" data-e-type=\"column\">\n\t\t\t<div class=\"elementor-widget-wrap elementor-element-populated\">\n\t\t\t\t\t\t<div class=\"elementor-element elementor-element-1276f8dd elementor-invisible elementor-widget elementor-widget-heading\" data-id=\"1276f8dd\" data-element_type=\"widget\" data-e-type=\"widget\" data-settings=\"{&quot;_animation&quot;:&quot;slideInLeft&quot;}\" data-widget_type=\"heading.default\">\n\t\t\t\t<div class=\"elementor-widget-container\">\n\t\t\t\t\t<h2 class=\"elementor-heading-title elementor-size-default\">OBERHAUSEN, WIR KOMMEN!<\/h2>\t\t\t\t<\/div>\n\t\t\t\t<\/div>\n\t\t\t\t\t<\/div>\n\t\t<\/div>\n\t\t\t\t\t<\/div>\n\t\t<\/section>\n\t\t\t\t<section class=\"elementor-section elementor-top-section elementor-element elementor-element-9480602 elementor-section-boxed elementor-section-height-default elementor-section-height-default\" data-id=\"9480602\" data-element_type=\"section\" data-e-type=\"section\">\n\t\t\t\t\t\t<div class=\"elementor-container elementor-column-gap-default\">\n\t\t\t\t\t<div class=\"elementor-column elementor-col-100 elementor-top-column elementor-element elementor-element-10f3b61\" data-id=\"10f3b61\" data-element_type=\"column\" data-e-type=\"column\">\n\t\t\t<div class=\"elementor-widget-wrap elementor-element-populated\">\n\t\t\t\t\t\t<div class=\"elementor-element elementor-element-030e76b elementor-widget elementor-widget-heading\" data-id=\"030e76b\" data-element_type=\"widget\" data-e-type=\"widget\" data-widget_type=\"heading.default\">\n\t\t\t\t<div class=\"elementor-widget-container\">\n\t\t\t\t\t<h2 class=\"elementor-heading-title elementor-size-default\">Wie du als Oberhausener:in an Solawi-Gem\u00fcse kommst<\/h2>\t\t\t\t<\/div>\n\t\t\t\t<\/div>\n\t\t\t\t\t<\/div>\n\t\t<\/div>\n\t\t\t\t\t<\/div>\n\t\t<\/section>\n\t\t\t\t<section class=\"elementor-section elementor-top-section elementor-element elementor-element-4b56251 elementor-section-boxed elementor-section-height-default elementor-section-height-default\" data-id=\"4b56251\" data-element_type=\"section\" data-e-type=\"section\">\n\t\t\t\t\t\t<div class=\"elementor-container elementor-column-gap-default\">\n\t\t\t\t\t<div class=\"elementor-column elementor-col-100 elementor-top-column elementor-element elementor-element-7fbbcbb\" data-id=\"7fbbcbb\" data-element_type=\"column\" data-e-type=\"column\">\n\t\t\t<div class=\"elementor-widget-wrap elementor-element-populated\">\n\t\t\t\t\t\t<div class=\"elementor-element elementor-element-8e783ea elementor-widget__width-initial elementor-widget elementor-widget-text-editor\" data-id=\"8e783ea\" data-element_type=\"widget\" data-e-type=\"widget\" data-widget_type=\"text-editor.default\">\n\t\t\t\t<div class=\"elementor-widget-container\">\n\t\t\t\t\t\t\t\t\t<p>Gerne w\u00fcrden wir den Kreis von Oberhausener Ernteanteilnehmenden (aktuell 10) ausweiten. Daf\u00fcr wird ab der Saison 2026 einen durch uns beliferten Abholort in OB-Alstaden oder in OB-Zentrum geben.<\/p><p>Wenn du noch nicht alle Infos hast, kannst du zu einer unserer <b>Infoveranstaltungen (s.u.)\u00a0<\/b>kommen, oder <b>Johannes aus dem G\u00e4rtner:innen-Team anrufen: 0157 89 53 93 95<\/b>. Die Beitragsrunde 2026 hat am 06. Dezember 2025 stattgefunden. Wenn du trotzdem noch mitmachen m\u00f6chtest, kannst du dich \u00fcber dieses Formular noch anmelden:<\/p><div>\u00a0<\/div>\t\t\t\t\t\t\t\t<\/div>\n\t\t\t\t<\/div>\n\t\t\t\t<div class=\"elementor-element elementor-element-5a55a50 elementor-align-center elementor-widget elementor-widget-button\" data-id=\"5a55a50\" data-element_type=\"widget\" data-e-type=\"widget\" data-widget_type=\"button.default\">\n\t\t\t\t<div class=\"elementor-widget-container\">\n\t\t\t\t\t\t\t\t\t<div class=\"elementor-button-wrapper\">\n\t\t\t\t\t<a class=\"elementor-button elementor-button-link elementor-size-sm\" href=\"http:\/\/solawi-mh.de\/en\/saison2026\/\">\n\t\t\t\t\t\t<span class=\"elementor-button-content-wrapper\">\n\t\t\t\t\t\t\t\t\t<span class=\"elementor-button-text\">Zum Nachr\u00fcckformular<\/span>\n\t\t\t\t\t<\/span>\n\t\t\t\t\t<\/a>\n\t\t\t\t<\/div>\n\t\t\t\t\t\t\t\t<\/div>\n\t\t\t\t<\/div>\n\t\t\t\t\t<\/div>\n\t\t<\/div>\n\t\t\t\t\t<\/div>\n\t\t<\/section>\n\t\t\t\t<section class=\"elementor-section elementor-top-section elementor-element elementor-element-803b6f8 elementor-section-boxed elementor-section-height-default elementor-section-height-default\" data-id=\"803b6f8\" data-element_type=\"section\" data-e-type=\"section\">\n\t\t\t\t\t\t<div class=\"elementor-container elementor-column-gap-default\">\n\t\t\t\t\t<div class=\"elementor-column elementor-col-100 elementor-top-column elementor-element elementor-element-3ea40d2\" data-id=\"3ea40d2\" data-element_type=\"column\" data-e-type=\"column\">\n\t\t\t<div class=\"elementor-widget-wrap elementor-element-populated\">\n\t\t\t\t\t\t<div class=\"elementor-element elementor-element-bc54cb0 elementor-widget elementor-widget-spacer\" data-id=\"bc54cb0\" data-element_type=\"widget\" data-e-type=\"widget\" data-widget_type=\"spacer.default\">\n\t\t\t\t<div class=\"elementor-widget-container\">\n\t\t\t\t\t\t\t<div class=\"elementor-spacer\">\n\t\t\t<div class=\"elementor-spacer-inner\"><\/div>\n\t\t<\/div>\n\t\t\t\t\t\t<\/div>\n\t\t\t\t<\/div>\n\t\t\t\t\t<\/div>\n\t\t<\/div>\n\t\t\t\t\t<\/div>\n\t\t<\/section>\n\t\t\t\t<section class=\"elementor-section elementor-top-section elementor-element elementor-element-b3e77b6 elementor-section-boxed elementor-section-height-default elementor-section-height-default\" data-id=\"b3e77b6\" data-element_type=\"section\" data-e-type=\"section\">\n\t\t\t\t\t\t<div class=\"elementor-container elementor-column-gap-default\">\n\t\t\t\t\t<div class=\"elementor-column elementor-col-100 elementor-top-column elementor-element elementor-element-d4c92ac\" data-id=\"d4c92ac\" data-element_type=\"column\" data-e-type=\"column\">\n\t\t\t<div class=\"elementor-widget-wrap elementor-element-populated\">\n\t\t\t\t\t\t<div class=\"elementor-element elementor-element-e8862db elementor-widget elementor-widget-heading\" data-id=\"e8862db\" data-element_type=\"widget\" data-e-type=\"widget\" data-widget_type=\"heading.default\">\n\t\t\t\t<div class=\"elementor-widget-container\">\n\t\t\t\t\t<h2 class=\"elementor-heading-title elementor-size-default\">Infotermine und Beitragsrunde Oberhausen<\/h2>\t\t\t\t<\/div>\n\t\t\t\t<\/div>\n\t\t\t\t<div class=\"elementor-element elementor-element-8df5aa7 elementor-widget elementor-widget-text-editor\" data-id=\"8df5aa7\" data-element_type=\"widget\" data-e-type=\"widget\" data-widget_type=\"text-editor.default\">\n\t\t\t\t<div class=\"elementor-widget-container\">\n\t\t\t\t\t\t\t\t\t<ul><li><strong>Fr, 23.01. 18.30 Uhr: Filmvorf\u00fchrung<\/strong> im <b>Anna28 Stadtteilladen<\/b>, Annabergstra\u00dfe 28, OB-Marienviertel. Wir zeigen den <b>Film \u201eDie Strategie der krummen Gurken\u201c<\/b> mit anschlie\u00dfender Info- und Fragerunde, kostenlos und ohne Anmeldung<\/li><li><p><b>Mo, 26.01. 18 Uhr: Infoveranstaltung<\/b> online per Zoom\u00a0<\/p><\/li><\/ul>\t\t\t\t\t\t\t\t<\/div>\n\t\t\t\t<\/div>\n\t\t\t\t<div class=\"elementor-element elementor-element-fef4fe3 elementor-align-center elementor-widget elementor-widget-button\" data-id=\"fef4fe3\" data-element_type=\"widget\" data-e-type=\"widget\" data-widget_type=\"button.default\">\n\t\t\t\t<div class=\"elementor-widget-container\">\n\t\t\t\t\t\t\t\t\t<div class=\"elementor-button-wrapper\">\n\t\t\t\t\t<a class=\"elementor-button elementor-button-link elementor-size-sm\" href=\"https:\/\/solawi-mh.de\/en\/mailster-form\/online-infotermin-26-1\/\">\n\t\t\t\t\t\t<span class=\"elementor-button-content-wrapper\">\n\t\t\t\t\t\t\t\t\t<span class=\"elementor-button-text\">Zur Infoveranstaltung anmelden<\/span>\n\t\t\t\t\t<\/span>\n\t\t\t\t\t<\/a>\n\t\t\t\t<\/div>\n\t\t\t\t\t\t\t\t<\/div>\n\t\t\t\t<\/div>\n\t\t\t\t<div class=\"elementor-element elementor-element-e907e81 elementor-widget elementor-widget-text-editor\" data-id=\"e907e81\" data-element_type=\"widget\" data-e-type=\"widget\" data-widget_type=\"text-editor.default\">\n\t\t\t\t<div class=\"elementor-widget-container\">\n\t\t\t\t\t\t\t\t\t<ul><li><p><b>So, 01.02. 15 Uhr: Beitragsrunde <\/b>im <u><a href=\"https:\/\/kitev.de\/\" target=\"_blank\" rel=\"noopener\">Kultur im Turm e.V.<\/a><\/u>, Willy-Brandt-Platz 1, OB-Zentrum. Auf der Beitragsrunde machen wir nur noch einen kurzen Info-Block. Hier geht es vor allem darum, in einem anonymen Verfahren den eigenen Beitrag zum Gelingen des Erntejahres bekannt zu geben. Ohne Anmeldung<\/p><\/li><\/ul>\t\t\t\t\t\t\t\t<\/div>\n\t\t\t\t<\/div>\n\t\t\t\t\t<\/div>\n\t\t<\/div>\n\t\t\t\t\t<\/div>\n\t\t<\/section>\n\t\t\t\t<section class=\"elementor-section elementor-top-section elementor-element elementor-element-0c5ec73 elementor-section-boxed elementor-section-height-default elementor-section-height-default\" data-id=\"0c5ec73\" data-element_type=\"section\" data-e-type=\"section\">\n\t\t\t\t\t\t<div class=\"elementor-container elementor-column-gap-default\">\n\t\t\t\t\t<div class=\"elementor-column elementor-col-100 elementor-top-column elementor-element elementor-element-23222a3\" data-id=\"23222a3\" data-element_type=\"column\" data-e-type=\"column\">\n\t\t\t<div class=\"elementor-widget-wrap elementor-element-populated\">\n\t\t\t\t\t\t<div class=\"elementor-element elementor-element-b72c648 elementor-widget elementor-widget-spacer\" data-id=\"b72c648\" data-element_type=\"widget\" data-e-type=\"widget\" data-widget_type=\"spacer.default\">\n\t\t\t\t<div class=\"elementor-widget-container\">\n\t\t\t\t\t\t\t<div class=\"elementor-spacer\">\n\t\t\t<div class=\"elementor-spacer-inner\"><\/div>\n\t\t<\/div>\n\t\t\t\t\t\t<\/div>\n\t\t\t\t<\/div>\n\t\t\t\t\t<\/div>\n\t\t<\/div>\n\t\t\t\t\t<\/div>\n\t\t<\/section>\n\t\t\t\t<section class=\"elementor-section elementor-top-section elementor-element elementor-element-b9e61ce elementor-section-boxed elementor-section-height-default elementor-section-height-default\" data-id=\"b9e61ce\" data-element_type=\"section\" data-e-type=\"section\">\n\t\t\t\t\t\t<div class=\"elementor-container elementor-column-gap-default\">\n\t\t\t\t\t<div class=\"elementor-column elementor-col-100 elementor-top-column elementor-element elementor-element-69e7dd1\" data-id=\"69e7dd1\" data-element_type=\"column\" data-e-type=\"column\">\n\t\t\t<div class=\"elementor-widget-wrap elementor-element-populated\">\n\t\t\t\t\t\t<div class=\"elementor-element elementor-element-fd78443 elementor-widget elementor-widget-heading\" data-id=\"fd78443\" data-element_type=\"widget\" data-e-type=\"widget\" data-widget_type=\"heading.default\">\n\t\t\t\t<div class=\"elementor-widget-container\">\n\t\t\t\t\t<h2 class=\"elementor-heading-title elementor-size-default\">Aktueller Stand Belieferung Oberhausen<\/h2>\t\t\t\t<\/div>\n\t\t\t\t<\/div>\n\t\t\t\t<div class=\"elementor-element elementor-element-0c6aad8 elementor-widget elementor-widget-text-editor\" data-id=\"0c6aad8\" data-element_type=\"widget\" data-e-type=\"widget\" data-widget_type=\"text-editor.default\">\n\t\t\t\t<div class=\"elementor-widget-container\">\n\t\t\t\t\t\t\t\t\t<ul><li>Die Belieferung ist zu einem Preis von 6,50 \u20ac \/ Monat m\u00f6glich, falls sich mindestens\u00a0<b>7 Ernteanteilnehmende finden, die in OB-Zentrum oder OB-Alstaden abholen w\u00fcrden.<\/b>\u00a0Erz\u00e4hlt daher gerne anderen von den M\u00f6glichkeiten, damit wir noch viele viele weitere Menschen in Oberhausen erreichen k\u00f6nnen!<\/li><li>Es gibt eine Signal-Gruppe zur Vernetzung Oberhausener Ernteanteilnehmender und Interessent:innen. Beitritt hier: <span style=\"text-decoration: underline;\"><strong><a href=\"https:\/\/signal.group\/#CjQKIM4QcWRymhJUAG9RgWL67E9WiaLcRaYJd-4JWC7nKdu2EhBcPHYFOuZVnNJZlWZxQdis\" target=\"_blank\" rel=\"noopener\">Signal-Gruppe Oberhausen <\/a><\/strong><\/span><\/li><\/ul>\t\t\t\t\t\t\t\t<\/div>\n\t\t\t\t<\/div>\n\t\t\t\t\t<\/div>\n\t\t<\/div>\n\t\t\t\t\t<\/div>\n\t\t<\/section>\n\t\t\t\t<section class=\"elementor-section elementor-top-section elementor-element elementor-element-aa1bea3 elementor-section-boxed elementor-section-height-default elementor-section-height-default\" data-id=\"aa1bea3\" data-element_type=\"section\" data-e-type=\"section\">\n\t\t\t\t\t\t<div class=\"elementor-container elementor-column-gap-default\">\n\t\t\t\t\t<div class=\"elementor-column elementor-col-100 elementor-top-column elementor-element elementor-element-a4f8da0\" data-id=\"a4f8da0\" data-element_type=\"column\" data-e-type=\"column\">\n\t\t\t<div class=\"elementor-widget-wrap elementor-element-populated\">\n\t\t\t\t\t\t<div class=\"elementor-element elementor-element-da04eec elementor-widget elementor-widget-heading\" data-id=\"da04eec\" data-element_type=\"widget\" data-e-type=\"widget\" data-widget_type=\"heading.default\">\n\t\t\t\t<div class=\"elementor-widget-container\">\n\t\t\t\t\t<h2 class=\"elementor-heading-title elementor-size-default\">Verteilung der Oberhausener Ernteanteilnehmer:innen*<\/h2>\t\t\t\t<\/div>\n\t\t\t\t<\/div>\n\t\t\t\t<div class=\"elementor-element elementor-element-677c5e1 elementor-widget elementor-widget-heading\" data-id=\"677c5e1\" data-element_type=\"widget\" data-e-type=\"widget\" data-widget_type=\"heading.default\">\n\t\t\t\t<div class=\"elementor-widget-container\">\n\t\t\t\t\t<h2 class=\"elementor-heading-title elementor-size-default\">*Standort nur ungef\u00e4hr - aufgeschl\u00fcsselt nach Stra\u00dfen, keine Hausnummern!<\/h2>\t\t\t\t<\/div>\n\t\t\t\t<\/div>\n\t\t\t\t<div class=\"elementor-element elementor-element-49de10b elementor-widget elementor-widget-spacer\" data-id=\"49de10b\" data-element_type=\"widget\" data-e-type=\"widget\" data-widget_type=\"spacer.default\">\n\t\t\t\t<div class=\"elementor-widget-container\">\n\t\t\t\t\t\t\t<div class=\"elementor-spacer\">\n\t\t\t<div class=\"elementor-spacer-inner\"><\/div>\n\t\t<\/div>\n\t\t\t\t\t\t<\/div>\n\t\t\t\t<\/div>\n\t\t\t\t<div class=\"elementor-element elementor-element-f4b2b04 elementor-widget elementor-widget-osm-map-elementor\" data-id=\"f4b2b04\" data-element_type=\"widget\" data-e-type=\"widget\" data-widget_type=\"osm-map-elementor.default\">\n\t\t\t\t<div class=\"elementor-widget-container\">\n\t\t\t\t\t<div id=\"osm-map-f4b2b04\" \n        class=\"osm-map-container\" \n        data-center=\"51.482697739775,6.8597881466398\"><\/div>        <script type=\"text\/javascript\">\n                    <\/script>\n        \t\t\t\t<\/div>\n\t\t\t\t<\/div>\n\t\t\t\t\t<\/div>\n\t\t<\/div>\n\t\t\t\t\t<\/div>\n\t\t<\/section>\n\t\t\t\t<\/div>","protected":false},"excerpt":{"rendered":"<p>OBERHAUSEN, WIR KOMMEN! Wie du als Oberhausener:in an Solawi-Gem\u00fcse kommst Gerne w\u00fcrden wir den Kreis von Oberhausener Ernteanteilnehmenden (aktuell 10) ausweiten. Daf\u00fcr wird ab der Saison 2026 einen durch uns [&hellip;]<\/p>","protected":false},"author":1,"featured_media":0,"parent":0,"menu_order":0,"comment_status":"closed","ping_status":"closed","template":"elementor_header_footer","meta":{"footnotes":""},"class_list":["post-4738","page","type-page","status-publish","hentry","entry"],"_links":{"self":[{"href":"https:\/\/solawi-mh.de\/en\/wp-json\/wp\/v2\/pages\/4738","targetHints":{"allow":["GET"]}}],"collection":[{"href":"https:\/\/solawi-mh.de\/en\/wp-json\/wp\/v2\/pages"}],"about":[{"href":"https:\/\/solawi-mh.de\/en\/wp-json\/wp\/v2\/types\/page"}],"author":[{"embeddable":true,"href":"https:\/\/solawi-mh.de\/en\/wp-json\/wp\/v2\/users\/1"}],"replies":[{"embeddable":true,"href":"https:\/\/solawi-mh.de\/en\/wp-json\/wp\/v2\/comments?post=4738"}],"version-history":[{"count":58,"href":"https:\/\/solawi-mh.de\/en\/wp-json\/wp\/v2\/pages\/4738\/revisions"}],"predecessor-version":[{"id":5107,"href":"https:\/\/solawi-mh.de\/en\/wp-json\/wp\/v2\/pages\/4738\/revisions\/5107"}],"wp:attachment":[{"href":"https:\/\/solawi-mh.de\/en\/wp-json\/wp\/v2\/media?parent=4738"}],"curies":[{"name":"wp","href":"https:\/\/api.w.org\/{rel}","templated":true}]}}