{"id":4763,"date":"2025-11-22T09:36:26","date_gmt":"2025-11-22T08:36:26","guid":{"rendered":"https:\/\/solawi-mh.de\/?page_id=4763"},"modified":"2025-12-06T16:02:11","modified_gmt":"2025-12-06T15:02:11","slug":"duisburg","status":"publish","type":"page","link":"https:\/\/solawi-mh.de\/en\/duisburg\/","title":{"rendered":"Duisburg"},"content":{"rendered":"<div data-elementor-type=\"wp-page\" data-elementor-id=\"4763\" class=\"elementor elementor-4763\" data-elementor-post-type=\"page\">\n\t\t\t\t\t\t<section class=\"elementor-section elementor-top-section elementor-element elementor-element-2e2f3cdc elementor-section-full_width elementor-section-height-min-height elementor-section-stretched elementor-section-content-top elementor-section-height-default elementor-section-items-middle\" data-id=\"2e2f3cdc\" data-element_type=\"section\" data-e-type=\"section\" data-settings=\"{&quot;stretch_section&quot;:&quot;section-stretched&quot;,&quot;background_background&quot;:&quot;classic&quot;,&quot;background_motion_fx_motion_fx_scrolling&quot;:&quot;yes&quot;,&quot;background_motion_fx_opacity_effect&quot;:&quot;yes&quot;,&quot;background_motion_fx_opacity_level&quot;:{&quot;unit&quot;:&quot;px&quot;,&quot;size&quot;:8.4000000000000004,&quot;sizes&quot;:[]},&quot;background_motion_fx_opacity_direction&quot;:&quot;out-in&quot;,&quot;background_motion_fx_opacity_range&quot;:{&quot;unit&quot;:&quot;%&quot;,&quot;size&quot;:&quot;&quot;,&quot;sizes&quot;:{&quot;start&quot;:20,&quot;end&quot;:80}},&quot;background_motion_fx_devices&quot;:[&quot;desktop&quot;,&quot;tablet&quot;,&quot;mobile&quot;]}\">\n\t\t\t\t\t\t<div class=\"elementor-container elementor-column-gap-no\">\n\t\t\t\t\t<div class=\"elementor-column elementor-col-100 elementor-top-column elementor-element elementor-element-76f0b591\" data-id=\"76f0b591\" data-element_type=\"column\" data-e-type=\"column\">\n\t\t\t<div class=\"elementor-widget-wrap elementor-element-populated\">\n\t\t\t\t\t\t<div class=\"elementor-element elementor-element-1276f8dd elementor-invisible elementor-widget elementor-widget-heading\" data-id=\"1276f8dd\" data-element_type=\"widget\" data-e-type=\"widget\" data-settings=\"{&quot;_animation&quot;:&quot;slideInLeft&quot;}\" data-widget_type=\"heading.default\">\n\t\t\t\t<div class=\"elementor-widget-container\">\n\t\t\t\t\t<h2 class=\"elementor-heading-title elementor-size-default\">DUISBURG, WIR KOMMEN!<\/h2>\t\t\t\t<\/div>\n\t\t\t\t<\/div>\n\t\t\t\t\t<\/div>\n\t\t<\/div>\n\t\t\t\t\t<\/div>\n\t\t<\/section>\n\t\t\t\t<section class=\"elementor-section elementor-top-section elementor-element elementor-element-9480602 elementor-section-boxed elementor-section-height-default elementor-section-height-default\" data-id=\"9480602\" data-element_type=\"section\" data-e-type=\"section\">\n\t\t\t\t\t\t<div class=\"elementor-container elementor-column-gap-default\">\n\t\t\t\t\t<div class=\"elementor-column elementor-col-100 elementor-top-column elementor-element elementor-element-10f3b61\" data-id=\"10f3b61\" data-element_type=\"column\" data-e-type=\"column\">\n\t\t\t<div class=\"elementor-widget-wrap elementor-element-populated\">\n\t\t\t\t\t\t<div class=\"elementor-element elementor-element-030e76b elementor-widget elementor-widget-heading\" data-id=\"030e76b\" data-element_type=\"widget\" data-e-type=\"widget\" data-widget_type=\"heading.default\">\n\t\t\t\t<div class=\"elementor-widget-container\">\n\t\t\t\t\t<h2 class=\"elementor-heading-title elementor-size-default\">Wie du als Duisburger:in an Solawi-Gem\u00fcse kommst<\/h2>\t\t\t\t<\/div>\n\t\t\t\t<\/div>\n\t\t\t\t\t<\/div>\n\t\t<\/div>\n\t\t\t\t\t<\/div>\n\t\t<\/section>\n\t\t\t\t<section class=\"elementor-section elementor-top-section elementor-element elementor-element-4b56251 elementor-section-boxed elementor-section-height-default elementor-section-height-default\" data-id=\"4b56251\" data-element_type=\"section\" data-e-type=\"section\">\n\t\t\t\t\t\t<div class=\"elementor-container elementor-column-gap-default\">\n\t\t\t\t\t<div class=\"elementor-column elementor-col-100 elementor-top-column elementor-element elementor-element-7fbbcbb\" data-id=\"7fbbcbb\" data-element_type=\"column\" data-e-type=\"column\">\n\t\t\t<div class=\"elementor-widget-wrap elementor-element-populated\">\n\t\t\t\t\t\t<div class=\"elementor-element elementor-element-8e783ea elementor-widget__width-initial elementor-widget elementor-widget-text-editor\" data-id=\"8e783ea\" data-element_type=\"widget\" data-e-type=\"widget\" data-widget_type=\"text-editor.default\">\n\t\t\t\t<div class=\"elementor-widget-container\">\n\t\t\t\t\t\t\t\t\t<p>Gerne w\u00fcrden wir den Kreis von Duisburger Ernteanteilnehmenden (aktuell 24) sowie die Anzahl der belieferten Abholpunkte ausweiten. Bisher werden in Duisburg zwei Abholorte beliefert und zwei weitere sind in Planung. Die beiden in Planung befindlichen Abholpunkte k\u00f6nnen nur eingerichtet werden, wenn sich genug Menschen an diesen Standorten zusammenfinden (Minimum: 8 Personen)<b>:<\/b><\/p><ul><li><b>Altstadt<\/b>:\u00a0<a href=\"https:\/\/www.stapeltor.de\/\" target=\"_blank\" rel=\"noopener\">Soziokulturelles Zentrum Stapeltor<\/a> (Stapeltor 6)<\/li><li><b>Ruhrort<\/b>: <a href=\"https:\/\/ruhrortplus.de\/web\" target=\"_blank\" rel=\"noopener\">Umwelt-lokal<\/a> (Weinhagenstr. 23)<\/li><li>(noch nicht sicher) <b>Hochfeld<\/b>: <a href=\"https:\/\/www.syntopia.info\/\" target=\"_blank\" rel=\"noopener\">Syntopia<\/a> (Gerokstr. 2)<\/li><li>(noch kein Ort gefunden) <b>Duisburg-S\u00fcd\/-Wanheim\/-Buchholz\/-H\u00fcttenheim\/-Rahm<\/b><\/li><\/ul><p>Wenn du noch nicht alle Infos hast, kannst du zu einer unserer <b>Infoveranstaltungen (s.u.)\u00a0<\/b>kommen, oder <b>Johannes aus dem G\u00e4rtner:innen-Team anrufen: 0157 89 53 93 95<\/b>.\u00a0<span style=\"font-family: Lato, sans-serif; font-size: 17px; font-style: normal; font-variant-caps: normal; letter-spacing: 0px;\">Die Beitragsrunde 2026 hat am 06. Dezember 2025 stattgefunden. Wenn du trotzdem noch mitmachen m\u00f6chtest, kannst du dich \u00fcber dieses Formular noch anmelden:<\/span><\/p>\t\t\t\t\t\t\t\t<\/div>\n\t\t\t\t<\/div>\n\t\t\t\t<div class=\"elementor-element elementor-element-38e0ae6 elementor-align-center elementor-widget elementor-widget-button\" data-id=\"38e0ae6\" data-element_type=\"widget\" data-e-type=\"widget\" data-widget_type=\"button.default\">\n\t\t\t\t<div class=\"elementor-widget-container\">\n\t\t\t\t\t\t\t\t\t<div class=\"elementor-button-wrapper\">\n\t\t\t\t\t<a class=\"elementor-button elementor-button-link elementor-size-sm\" href=\"http:\/\/solawi-mh.de\/en\/saison2026\/\">\n\t\t\t\t\t\t<span class=\"elementor-button-content-wrapper\">\n\t\t\t\t\t\t\t\t\t<span class=\"elementor-button-text\">Zum Nachr\u00fcckformular<\/span>\n\t\t\t\t\t<\/span>\n\t\t\t\t\t<\/a>\n\t\t\t\t<\/div>\n\t\t\t\t\t\t\t\t<\/div>\n\t\t\t\t<\/div>\n\t\t\t\t\t<\/div>\n\t\t<\/div>\n\t\t\t\t\t<\/div>\n\t\t<\/section>\n\t\t\t\t<section class=\"elementor-section elementor-top-section elementor-element elementor-element-b3e77b6 elementor-section-boxed elementor-section-height-default elementor-section-height-default\" data-id=\"b3e77b6\" data-element_type=\"section\" data-e-type=\"section\">\n\t\t\t\t\t\t<div class=\"elementor-container elementor-column-gap-default\">\n\t\t\t\t\t<div class=\"elementor-column elementor-col-100 elementor-top-column elementor-element elementor-element-d4c92ac\" data-id=\"d4c92ac\" data-element_type=\"column\" data-e-type=\"column\">\n\t\t\t<div class=\"elementor-widget-wrap elementor-element-populated\">\n\t\t\t\t\t\t<div class=\"elementor-element elementor-element-e8862db elementor-widget elementor-widget-heading\" data-id=\"e8862db\" data-element_type=\"widget\" data-e-type=\"widget\" data-widget_type=\"heading.default\">\n\t\t\t\t<div class=\"elementor-widget-container\">\n\t\t\t\t\t<h2 class=\"elementor-heading-title elementor-size-default\">Aktueller Stand Belieferung Duisburg<\/h2>\t\t\t\t<\/div>\n\t\t\t\t<\/div>\n\t\t\t\t<div class=\"elementor-element elementor-element-8df5aa7 elementor-widget elementor-widget-text-editor\" data-id=\"8df5aa7\" data-element_type=\"widget\" data-e-type=\"widget\" data-widget_type=\"text-editor.default\">\n\t\t\t\t<div class=\"elementor-widget-container\">\n\t\t\t\t\t\t\t\t\t<ul><li><span style=\"font-size: 17px; letter-spacing: 0px;\">Es gibt eine Signal-Gruppe zur Vernetzung Duisburger Interessent:innen. Beitritt hier: <\/span><span style=\"font-size: 17px; letter-spacing: 0px; text-decoration: underline;\"><strong><a href=\"https:\/\/signal.group\/#CjQKIOsfKaIVCoWkecLTpEmST0cdUk9Xg2Ls_X6fI5McovTLEhCnIUR6v5EHTWKJnqhahF8G\" target=\"_blank\" rel=\"noopener\">Signal-Gruppe Duisburg\u00a0<\/a><\/strong><\/span><\/li><li>Die Kosten der Belieferung in die anderen St\u00e4dte werden auf alle belieferten Abholpunkte umgelegt. Im n\u00e4chsten Jahr werden die Kosten bei voraussichtlich 6,50\u00a0 \u20ac \/Monat liegen.\u00a0Je mehr Menschen sich einem belieferten Abholpunkt anschlie\u00dfen, desto g\u00fcnstiger wird es f\u00fcr alle. Erz\u00e4hlt daher gerne anderen von den M\u00f6glichkeiten, damit wir noch viele viele weitere Menschen in Duisburg erreichen k\u00f6nnen!<\/li><\/ul>\t\t\t\t\t\t\t\t<\/div>\n\t\t\t\t<\/div>\n\t\t\t\t\t<\/div>\n\t\t<\/div>\n\t\t\t\t\t<\/div>\n\t\t<\/section>\n\t\t\t\t<section class=\"elementor-section elementor-top-section elementor-element elementor-element-aa1bea3 elementor-section-boxed elementor-section-height-default elementor-section-height-default\" data-id=\"aa1bea3\" data-element_type=\"section\" data-e-type=\"section\">\n\t\t\t\t\t\t<div class=\"elementor-container elementor-column-gap-default\">\n\t\t\t\t\t<div class=\"elementor-column elementor-col-100 elementor-top-column elementor-element elementor-element-a4f8da0\" data-id=\"a4f8da0\" data-element_type=\"column\" data-e-type=\"column\">\n\t\t\t<div class=\"elementor-widget-wrap elementor-element-populated\">\n\t\t\t\t\t\t<div class=\"elementor-element elementor-element-da04eec elementor-widget elementor-widget-heading\" data-id=\"da04eec\" data-element_type=\"widget\" data-e-type=\"widget\" data-widget_type=\"heading.default\">\n\t\t\t\t<div class=\"elementor-widget-container\">\n\t\t\t\t\t<h2 class=\"elementor-heading-title elementor-size-default\">Verteilung der zur Beitragsrunde angemeldeten Duisburger:innen*<\/h2>\t\t\t\t<\/div>\n\t\t\t\t<\/div>\n\t\t\t\t<div class=\"elementor-element elementor-element-2243d44 elementor-widget elementor-widget-heading\" data-id=\"2243d44\" data-element_type=\"widget\" data-e-type=\"widget\" data-widget_type=\"heading.default\">\n\t\t\t\t<div class=\"elementor-widget-container\">\n\t\t\t\t\t<h2 class=\"elementor-heading-title elementor-size-default\">*Standort nur ungef\u00e4hr - aufgeschl\u00fcsselt nach Stra\u00dfen, keine Hausnummern!<\/h2>\t\t\t\t<\/div>\n\t\t\t\t<\/div>\n\t\t\t\t<div class=\"elementor-element elementor-element-5aabdea elementor-widget elementor-widget-osm-map-elementor\" data-id=\"5aabdea\" data-element_type=\"widget\" data-e-type=\"widget\" data-widget_type=\"osm-map-elementor.default\">\n\t\t\t\t<div class=\"elementor-widget-container\">\n\t\t\t\t\t<div id=\"osm-map-5aabdea\" \n        class=\"osm-map-container\" \n        data-center=\"51.424645403538,6.7606713491112\"><\/div>        <script type=\"text\/javascript\">\n                    <\/script>\n        \t\t\t\t<\/div>\n\t\t\t\t<\/div>\n\t\t\t\t<div class=\"elementor-element elementor-element-49de10b elementor-widget elementor-widget-spacer\" data-id=\"49de10b\" data-element_type=\"widget\" data-e-type=\"widget\" data-widget_type=\"spacer.default\">\n\t\t\t\t<div class=\"elementor-widget-container\">\n\t\t\t\t\t\t\t<div class=\"elementor-spacer\">\n\t\t\t<div class=\"elementor-spacer-inner\"><\/div>\n\t\t<\/div>\n\t\t\t\t\t\t<\/div>\n\t\t\t\t<\/div>\n\t\t\t\t\t<\/div>\n\t\t<\/div>\n\t\t\t\t\t<\/div>\n\t\t<\/section>\n\t\t\t\t<\/div>","protected":false},"excerpt":{"rendered":"<p>DUISBURG, WIR KOMMEN! Wie du als Duisburger:in an Solawi-Gem\u00fcse kommst Gerne w\u00fcrden wir den Kreis von Duisburger Ernteanteilnehmenden (aktuell 24) sowie die Anzahl der belieferten Abholpunkte ausweiten. Bisher werden in [&hellip;]<\/p>","protected":false},"author":1,"featured_media":0,"parent":0,"menu_order":0,"comment_status":"closed","ping_status":"closed","template":"elementor_header_footer","meta":{"footnotes":""},"class_list":["post-4763","page","type-page","status-publish","hentry","entry"],"_links":{"self":[{"href":"https:\/\/solawi-mh.de\/en\/wp-json\/wp\/v2\/pages\/4763","targetHints":{"allow":["GET"]}}],"collection":[{"href":"https:\/\/solawi-mh.de\/en\/wp-json\/wp\/v2\/pages"}],"about":[{"href":"https:\/\/solawi-mh.de\/en\/wp-json\/wp\/v2\/types\/page"}],"author":[{"embeddable":true,"href":"https:\/\/solawi-mh.de\/en\/wp-json\/wp\/v2\/users\/1"}],"replies":[{"embeddable":true,"href":"https:\/\/solawi-mh.de\/en\/wp-json\/wp\/v2\/comments?post=4763"}],"version-history":[{"count":52,"href":"https:\/\/solawi-mh.de\/en\/wp-json\/wp\/v2\/pages\/4763\/revisions"}],"predecessor-version":[{"id":5016,"href":"https:\/\/solawi-mh.de\/en\/wp-json\/wp\/v2\/pages\/4763\/revisions\/5016"}],"wp:attachment":[{"href":"https:\/\/solawi-mh.de\/en\/wp-json\/wp\/v2\/media?parent=4763"}],"curies":[{"name":"wp","href":"https:\/\/api.w.org\/{rel}","templated":true}]}}