{"id":5063,"date":"2026-01-05T16:24:53","date_gmt":"2026-01-05T15:24:53","guid":{"rendered":"https:\/\/solawi-mh.de\/?page_id=5063"},"modified":"2026-01-05T16:43:43","modified_gmt":"2026-01-05T15:43:43","slug":"fehlendes-gemuese","status":"publish","type":"page","link":"https:\/\/solawi-mh.de\/en\/fehlendes-gemuese\/","title":{"rendered":"Fehlendes Gem\u00fcse"},"content":{"rendered":"<div data-elementor-type=\"wp-page\" data-elementor-id=\"5063\" class=\"elementor elementor-5063\" data-elementor-post-type=\"page\">\n\t\t\t\t\t\t<section class=\"elementor-section elementor-top-section elementor-element elementor-element-b461a4a elementor-section-boxed elementor-section-height-default elementor-section-height-default\" data-id=\"b461a4a\" data-element_type=\"section\" data-e-type=\"section\">\n\t\t\t\t\t\t<div class=\"elementor-container elementor-column-gap-default\">\n\t\t\t\t\t<div class=\"elementor-column elementor-col-100 elementor-top-column elementor-element elementor-element-48ae123\" data-id=\"48ae123\" data-element_type=\"column\" data-e-type=\"column\">\n\t\t\t<div class=\"elementor-widget-wrap elementor-element-populated\">\n\t\t\t\t\t\t<div class=\"elementor-element elementor-element-fdfae48 elementor-widget elementor-widget-heading\" data-id=\"fdfae48\" data-element_type=\"widget\" data-e-type=\"widget\" data-widget_type=\"heading.default\">\n\t\t\t\t<div class=\"elementor-widget-container\">\n\t\t\t\t\t<h2 class=\"elementor-heading-title elementor-size-default\">Fehlendes Gem\u00fcse - Formular<\/h2>\t\t\t\t<\/div>\n\t\t\t\t<\/div>\n\t\t\t\t\t<\/div>\n\t\t<\/div>\n\t\t\t\t\t<\/div>\n\t\t<\/section>\n\t\t\t\t<section class=\"elementor-section elementor-top-section elementor-element elementor-element-b8c7f4a elementor-section-boxed elementor-section-height-default elementor-section-height-default\" data-id=\"b8c7f4a\" data-element_type=\"section\" data-e-type=\"section\">\n\t\t\t\t\t\t<div class=\"elementor-container elementor-column-gap-default\">\n\t\t\t\t\t<div class=\"elementor-column elementor-col-100 elementor-top-column elementor-element elementor-element-0ac12fe\" data-id=\"0ac12fe\" data-element_type=\"column\" data-e-type=\"column\">\n\t\t\t<div class=\"elementor-widget-wrap elementor-element-populated\">\n\t\t\t\t\t\t<div class=\"elementor-element elementor-element-0022e68 elementor-widget elementor-widget-text-editor\" data-id=\"0022e68\" data-element_type=\"widget\" data-e-type=\"widget\" data-widget_type=\"text-editor.default\">\n\t\t\t\t<div class=\"elementor-widget-container\">\n\t\t\t\t\t\t\t\t\t<p>Liebe Ernteanteilnehmenden!<\/p>\n<p>In K\u00fcrze findet sich hier ein Formular, in das ihr eintragen k\u00f6nnt, wenn mal Gem\u00fcse gefehlt hat. Es soll uns einen \u00dcberblick \u00fcber Kommissionierungsfehler verschaffen und uns helfen, uns zu verbessern.&nbsp;<\/p>\t\t\t\t\t\t\t\t<\/div>\n\t\t\t\t<\/div>\n\t\t\t\t\t<\/div>\n\t\t<\/div>\n\t\t\t\t\t<\/div>\n\t\t<\/section>\n\t\t\t\t<\/div>","protected":false},"excerpt":{"rendered":"<p>Fehlendes Gem\u00fcse &#8211; Formular Liebe Ernteanteilnehmenden! In K\u00fcrze findet sich hier ein Formular, in das ihr eintragen k\u00f6nnt, wenn mal Gem\u00fcse gefehlt hat. Es soll uns einen \u00dcberblick \u00fcber Kommissionierungsfehler [&hellip;]<\/p>","protected":false},"author":1,"featured_media":0,"parent":0,"menu_order":0,"comment_status":"closed","ping_status":"closed","template":"","meta":{"footnotes":""},"class_list":["post-5063","page","type-page","status-publish","hentry","entry"],"_links":{"self":[{"href":"https:\/\/solawi-mh.de\/en\/wp-json\/wp\/v2\/pages\/5063","targetHints":{"allow":["GET"]}}],"collection":[{"href":"https:\/\/solawi-mh.de\/en\/wp-json\/wp\/v2\/pages"}],"about":[{"href":"https:\/\/solawi-mh.de\/en\/wp-json\/wp\/v2\/types\/page"}],"author":[{"embeddable":true,"href":"https:\/\/solawi-mh.de\/en\/wp-json\/wp\/v2\/users\/1"}],"replies":[{"embeddable":true,"href":"https:\/\/solawi-mh.de\/en\/wp-json\/wp\/v2\/comments?post=5063"}],"version-history":[{"count":7,"href":"https:\/\/solawi-mh.de\/en\/wp-json\/wp\/v2\/pages\/5063\/revisions"}],"predecessor-version":[{"id":5071,"href":"https:\/\/solawi-mh.de\/en\/wp-json\/wp\/v2\/pages\/5063\/revisions\/5071"}],"wp:attachment":[{"href":"https:\/\/solawi-mh.de\/en\/wp-json\/wp\/v2\/media?parent=5063"}],"curies":[{"name":"wp","href":"https:\/\/api.w.org\/{rel}","templated":true}]}}